{"id":344,"date":"2023-12-31T15:52:25","date_gmt":"2023-12-31T15:52:25","guid":{"rendered":"https:\/\/www.neuejaeger.de\/?page_id=344"},"modified":"2026-03-03T19:29:45","modified_gmt":"2026-03-03T19:29:45","slug":"kontakt","status":"publish","type":"page","link":"https:\/\/www.neue-jaeger.de\/en\/contact\/","title":{"rendered":"Contact"},"content":{"rendered":"<div>Neue J\u00c4GER Maschinenbau<\/div>\n<h1>Kontakt<\/h1>\n<div>Der hei\u00dfe Draht f\u00fcr Zellenradschleusen!<\/div>\n<h2>Wir freuen uns auf Ihre Nachricht!<\/h2>\n<div>*Pflichtfeld<\/div>\n<div>\n<p>52.255606549999996,8.930297800295854<\/p>\n<\/div>\n<p><!--more--><br \/>\n<!-- {\"type\":\"layout\",\"children\":[{\"type\":\"section\",\"props\":{\"height\":\"viewport\",\"height_offset_top\":true,\"height_viewport\":90,\"image\":\"wp-content\\\/uploads\\\/2025\\\/01\\\/kontakt-hero-01.jpg\",\"image_loading\":true,\"image_position\":\"center-center\",\"image_size\":\"cover\",\"media_overlay\":\"rgba(0, 0, 0, 0.36)\",\"media_overlay_gradient\":\"\\\/*linear-gradient(180deg, rgba(0,0,0,0.35) 0%, rgba(0,0,0,0.35) 50%, rgba(255,255,255,1) 100%);*\\\/\",\"overlap\":false,\"padding\":\"large\",\"style\":\"default\",\"text_color\":\"light\",\"title_breakpoint\":\"xl\",\"title_position\":\"top-left\",\"title_rotation\":\"left\",\"vertical_align\":\"bottom\",\"width\":\"default\"},\"children\":[{\"type\":\"row\",\"children\":[{\"type\":\"column\",\"props\":{\"image_position\":\"center-center\",\"position_sticky_breakpoint\":\"m\"},\"children\":[{\"type\":\"headline\",\"props\":{\"content\":\"Neue J\\u00c4GER Maschinenbau\",\"text_align\":\"left\",\"title_element\":\"div\",\"title_style\":\"h5\"}},{\"type\":\"headline\",\"props\":{\"animation\":\"parallax\",\"content\":\"Kontakt\",\"content_en_us\":\"Contact\",\"margin_remove_top\":true,\"text_align\":\"left\",\"title_element\":\"h1\",\"title_font_family\":\"primary\",\"title_style\":\"heading-small\"}},{\"type\":\"headline\",\"props\":{\"content\":\"Der hei\\u00dfe Draht f\\u00fcr Zellenradschleusen!\",\"content_en_us\":\"The hot wire for rotary valves!\",\"margin\":\"remove-vertical\",\"text_align\":\"left\",\"title_element\":\"div\",\"title_font_family\":\"primary\",\"title_style\":\"h2\"}}]}]}],\"name\":\"Hero Section\"},{\"type\":\"section\",\"props\":{\"image_position\":\"center-center\",\"padding\":\"xsmall\",\"style\":\"default\",\"title_breakpoint\":\"xl\",\"title_position\":\"top-left\",\"title_rotation\":\"left\",\"vertical_align\":\"\",\"width\":\"default\"},\"children\":[{\"type\":\"row\",\"children\":[{\"type\":\"column\",\"props\":{\"image_position\":\"center-center\",\"position_sticky_breakpoint\":\"m\"},\"children\":[{\"type\":\"module\",\"props\":{\"menu_image_align\":\"center\",\"menu_image_margin\":true,\"menu_style\":\"default\",\"menu_type\":\"nav\",\"type\":\"builderwidget\",\"widget\":\"builderwidget-5\"}}]}]}],\"name\":\"Breadcrumbs\"},{\"type\":\"section\",\"props\":{\"height\":\"viewport\",\"height_viewport\":80,\"image_position\":\"center-center\",\"style\":\"default\",\"title_breakpoint\":\"xl\",\"title_position\":\"top-left\",\"title_rotation\":\"left\",\"vertical_align\":\"middle\",\"width\":\"default\",\"yooessentials_form\":{\"state\":true,\"after_submit_actions\":[{\"id\":\"B5E843\",\"type\":\"email\",\"props\":{\"html\":true,\"attachments\":[null],\"submitted_attachments\":[null],\"subject\":\"Neues Kontaktformular von {name} \\u2013 {firma}\",\"recipients\":\"info@neue-jaeger.de\",\"body\":\"\n\n<p>\\n<b>Name:<\\\/b> {name}<br \/>\\n<b>Firma:<\\\/b> {firma}<br \/>\\n<b>E-Mail:<\\\/b> {email}<br \/>\\n<b>Telefon:<\\\/b> {telefon}\n\n\\n<b>Nachricht:<\\\/b><br \/>\\n{nachricht}<br \/>\\n<\\\/p>\",\"yooessentials_access_conditions\":[],\"yooessentials_access_mode\":\"AND\"},\"source_extended\":{\"props\":{\"reply_tos\":{\"query\":{\"name\":\"yooessentials_form_query\"},\"name\":\"email\"},\"from_name\":{\"query\":{\"name\":\"yooessentials_form_query\"},\"name\":\"name\"},\"from\":{\"query\":{\"name\":\"yooessentials_form_query\"},\"name\":\"email\"}}}},{\"id\":\"D53C55\",\"type\":\"redirect\",\"props\":{\"redirect\":\"kontakt\\\/danke\\\/\",\"timeout\":\"0.5\",\"yooessentials_access_conditions\":[{\"type\":\"yooessentials_access_language\",\"id\":\"ci_06A687\",\"props\":{\"languages\":[\"de_DE\"]}}],\"yooessentials_access_mode\":\"AND\"}},{\"id\":\"ACAF65\",\"type\":\"redirect\",\"props\":{\"redirect\":\"en\\\/contact\\\/thank-you\",\"yooessentials_access_conditions\":[{\"type\":\"yooessentials_access_language\",\"id\":\"ci_5E9880\",\"props\":{\"languages\":[\"en_US\"]}}],\"yooessentials_access_mode\":\"AND\",\"timeout\":\"0.5\"}}],\"html5validation\":false,\"reset_after_submit\":false,\"override_action_url\":false,\"action_method\":\"POST\"}},\"children\":[{\"type\":\"row\",\"children\":[{\"type\":\"column\",\"props\":{\"image_position\":\"center-center\",\"position_sticky_breakpoint\":\"m\"},\"children\":[{\"type\":\"headline\",\"props\":{\"content\":\"Wir freuen uns auf Ihre Nachricht!\",\"content_en_us\":\"We are looking forward to hearing from you!\",\"text_align\":\"center\",\"title_element\":\"h2\"}}]}]},{\"type\":\"row\",\"props\":{\"margin\":\"large\",\"width\":\"xsmall\",\"yooessentials_access_conditions\":[],\"yooessentials_access_mode\":\"AND\"},\"children\":[{\"type\":\"column\",\"props\":{\"image_position\":\"center-center\",\"position_sticky_breakpoint\":\"m\"},\"children\":[{\"type\":\"yooessentials_form_fieldset\",\"props\":{\"block_align\":\"center\",\"fields_show_label\":true,\"layout\":\"horizontal\",\"margin\":\"\",\"maxwidth\":\"xlarge\",\"yooessentials_access_conditions\":[],\"yooessentials_access_mode\":\"AND\"},\"children\":[{\"type\":\"row\",\"children\":[{\"type\":\"column\",\"children\":[{\"type\":\"yooessentials_form_input\",\"props\":{\"block_align\":\"center\",\"control_icon_align\":\"left\",\"fullwidth\":false,\"grid_column_gap\":\"\",\"grid_columns_number\":\"1-1@m\",\"grid_row_gap\":\"medium\",\"margin\":\"default\",\"show_icon\":true,\"show_label\":true},\"children\":[{\"type\":\"yooessentials_form_input_text\",\"props\":{\"control_autofocus\":false,\"control_error_message\":\"Bitte {fieldlabel} eintragen!\",\"control_error_message_en_us\":\"{fieldlabel} must be filled out!\",\"control_icon_align\":\"left\",\"control_id_inherit\":true,\"control_label\":\"Name\",\"control_label_en_us\":\"Name\",\"control_name\":\"name\",\"control_required\":true}},{\"type\":\"yooessentials_form_input_text\",\"props\":{\"control_autofocus\":false,\"control_error_message\":\"Bitte {fieldlabel} eintragen!\",\"control_error_message_en_us\":\"{fieldlabel} must be filled out!\",\"control_icon_align\":\"left\",\"control_id_inherit\":true,\"control_label\":\"Firma\",\"control_label_en_us\":\"Company\",\"control_name\":\"firma\",\"control_required\":true}},{\"type\":\"yooessentials_form_input_email\",\"props\":{\"control_error_message\":\"Bitte {fieldlabel} eintragen!\",\"control_error_message_en_us\":\"{fieldlabel} must be filled out!\",\"control_id_inherit\":true,\"control_label\":\"E-Mail\",\"control_label_en_us\":\"E-Mail\",\"control_name\":\"email\",\"control_required\":true}},{\"type\":\"yooessentials_form_input_tel\",\"props\":{\"control_error_message\":\"Bitte {fieldlabel} eintragen!\",\"control_error_message_en_us\":\"{fieldlabel} must be filled out!\",\"control_id_inherit\":true,\"control_label\":\"Telefon\",\"control_label_en_us\":\"Phone\",\"control_name\":\"telefon\",\"control_required\":true}}]},{\"type\":\"yooessentials_form_textarea\",\"props\":{\"block_align\":\"center\",\"control_error_message\":\"Bitte {fieldlabel} eintragen!\",\"control_error_message_en_us\":\"{fieldlabel} must be filled out!\",\"control_id_inherit\":true,\"control_label\":\"Ihre Nachricht\",\"control_label_en_us\":\"Message\",\"control_name\":\"nachricht\",\"control_required\":true,\"control_rows\":4,\"margin\":\"default\"}},{\"type\":\"yooessentials_form_checkbox\",\"props\":{\"block_align\":\"center\",\"control_error_message\":\"Bitte Checkbox ausw\\u00e4hlen!\",\"control_error_message_en_us\":\"Please select checkbox!\",\"control_id_inherit\":true,\"control_layout\":\"vertical\",\"control_name\":\"checkbox\",\"control_required\":true,\"margin\":\"default\"},\"children\":[{\"type\":\"yooessentials_form_option\",\"props\":{\"disabled\":false,\"text\":\"Ich bin damit einverstanden, dass meine Eingaben zum Zweck der Kontaktaufnahme auf Basis der <a href=\\\"\\\/datenschutz\\\/\\\">Datenschutzerkl\\u00e4rung<\\\/a> verwendet werden. Diese Einwilligung kann von mir jederzeit widerrufen werden.*\",\"text_en_us\":\"I agree that my inputs will be used for the purpose of making contact based on the <a href=\\\"\\\/en\\\/data-privacy\\\/\\\">Privacy Policy<\\\/a>. This consent can be revoked by me at any time.*\"}}]},{\"type\":\"yooessentials_form_honeypot\",\"props\":{\"control_min_seconds\":5,\"control_name\":\"checkpoint\"}}],\"props\":{\"image_position\":\"center-center\",\"position_sticky_breakpoint\":\"m\"}}]}]},{\"type\":\"yooessentials_form_recaptcha\",\"props\":{\"control_action\":\"yoothemepro_form_submit\",\"control_badge_position\":\"bottomright\",\"control_size\":\"normal\",\"control_theme\":\"light\",\"control_threshold\":\"0.5\",\"control_type\":\"v3\",\"margin\":\"default\",\"recaptcha_version\":\"v2\",\"status\":\"disabled\"}},{\"type\":\"yooessentials_form_button\",\"props\":{\"block_align\":\"center\",\"fullwidth\":true,\"grid_column_gap\":\"small\",\"grid_row_gap\":\"small\",\"margin\":\"default\",\"maxwidth\":\"xlarge\"},\"children\":[{\"type\":\"yooessentials_form_button_item\",\"props\":{\"button_style\":\"primary\",\"content\":\"Abschicken\",\"content_en_us\":\"Submit\",\"icon\":\"arrow-right\",\"icon_align\":\"right\"}}]},{\"type\":\"text\",\"props\":{\"block_align\":\"center\",\"column_breakpoint\":\"m\",\"content\":\"*Pflichtfeld\",\"content_en_us\":\"*Mandatory field\",\"margin\":\"\",\"margin_remove_top\":false,\"maxwidth\":\"xlarge\",\"text_color\":\"muted\",\"text_style\":\"meta\"}}]}]}],\"formid\":\"99e1bd0a\"},{\"type\":\"section\",\"props\":{\"image_position\":\"center-center\",\"padding\":\"none\",\"style\":\"default\",\"title_breakpoint\":\"xl\",\"title_position\":\"top-left\",\"title_rotation\":\"left\",\"vertical_align\":\"\",\"width\":\"\"},\"children\":[{\"type\":\"row\",\"children\":[{\"type\":\"column\",\"props\":{\"image_position\":\"center-center\",\"position_sticky_breakpoint\":\"m\"},\"children\":[{\"type\":\"map\",\"props\":{\"clustering\":false,\"controls\":false,\"dragging\":false,\"image_svg_color\":\"emphasis\",\"link_style\":\"default\",\"link_text\":\"Read more\",\"margin\":\"default\",\"max_zoom\":18,\"meta_align\":\"below-title\",\"meta_element\":\"div\",\"meta_style\":\"text-meta\",\"min_zoom\":0,\"poi\":false,\"show_content\":true,\"show_image\":true,\"show_link\":true,\"show_meta\":true,\"show_title\":true,\"title_element\":\"h3\",\"title_hover_style\":\"reset\",\"type\":\"roadmap\",\"viewport_height\":\"viewport\",\"viewport_height_viewport\":80,\"zoom\":10,\"zooming\":false},\"children\":[{\"type\":\"map_item\",\"props\":{\"location\":\"52.255606549999996,8.930297800295854\",\"show_popup\":false}}]}]}]}]}],\"version\":\"4.5.0\",\"yooessentialsVersion\":\"2.3.0-beta.22\"} --><\/p>\n","protected":false},"excerpt":{"rendered":"<p>Neue J\u00c4GER Maschinenbau Kontakt Der hei\u00dfe Draht f\u00fcr Zellenradschleusen! Wir freuen uns auf Ihre Nachricht! *Pflichtfeld 52.255606549999996,8.930297800295854<\/p>\n","protected":false},"author":1,"featured_media":0,"parent":0,"menu_order":0,"comment_status":"closed","ping_status":"closed","template":"","meta":{"_acf_changed":false,"footnotes":""},"class_list":["post-344","page","type-page","status-publish","hentry"],"acf":[],"yoast_head":"<!-- This site is optimized with the Yoast SEO plugin v26.8 - https:\/\/yoast.com\/product\/yoast-seo-wordpress\/ -->\n<title>Contact Neue J\u00e4ger | Your Valve Experts<\/title>\n<meta name=\"description\" content=\"Have questions? Contact Neue J\u00e4ger today to get expert advice and support for all your rotary valve needs. We&#039;re here to help!\" \/>\n<meta name=\"robots\" content=\"index, follow, max-snippet:-1, max-image-preview:large, max-video-preview:-1\" \/>\n<script type=\"application\/ld+json\" class=\"yoast-schema-graph\">{\"@context\":\"https:\/\/schema.org\",\"@graph\":[{\"@type\":\"WebPage\",\"@id\":\"https:\/\/www.neue-jaeger.de\/en\/contact\/\",\"url\":\"https:\/\/www.neue-jaeger.de\/en\/contact\/\",\"name\":\"Kontaktieren Sie uns | Neue J\u00e4ger GmbH\",\"isPartOf\":{\"@id\":\"https:\/\/www.neue-jaeger.de\/#website\"},\"datePublished\":\"2023-12-31T15:52:25+00:00\",\"dateModified\":\"2026-03-03T19:29:45+00:00\",\"description\":\"Haben Sie Fragen zu unseren Produkten oder ben\u00f6tigen technische Unterst\u00fctzung? Kontaktieren Sie Neue J\u00e4ger jetzt f\u00fcr schnelle und professionelle Hilfe!\",\"breadcrumb\":{\"@id\":\"https:\/\/www.neue-jaeger.de\/en\/contact\/#breadcrumb\"},\"inLanguage\":\"en-US\",\"potentialAction\":[{\"@type\":\"ReadAction\",\"target\":[\"https:\/\/www.neue-jaeger.de\/en\/contact\/\"]}]},{\"@type\":\"BreadcrumbList\",\"@id\":\"https:\/\/www.neue-jaeger.de\/en\/contact\/#breadcrumb\",\"itemListElement\":[{\"@type\":\"ListItem\",\"position\":1,\"name\":\"Home\",\"item\":\"https:\/\/www.neue-jaeger.de\/\"},{\"@type\":\"ListItem\",\"position\":2,\"name\":\"Contact\"}]},{\"@type\":\"WebSite\",\"@id\":\"https:\/\/www.neue-jaeger.de\/en\/#website\",\"url\":\"https:\/\/www.neue-jaeger.de\/en\/\",\"name\":\"Neue J\u00c4GER Maschinenbau\",\"description\":\"Rotary Valves and More\",\"alternateName\":\"Neue J\u00c4GER\",\"potentialAction\":[{\"@type\":\"SearchAction\",\"target\":{\"@type\":\"EntryPoint\",\"urlTemplate\":\"https:\/\/www.neue-jaeger.de\/en\/?s={search_term_string}\"},\"query-input\":{\"@type\":\"PropertyValueSpecification\",\"valueRequired\":true,\"valueName\":\"search_term_string\"}}],\"inLanguage\":\"en-US\"}]}<\/script>\n<!-- \/ Yoast SEO plugin. -->","yoast_head_json":{"title":"Contact Neue J\u00e4ger | Your Valve Experts","description":"Have questions? Contact Neue J\u00e4ger today to get expert advice and support for all your rotary valve needs. We're here to help!","robots":{"index":"index","follow":"follow","max-snippet":"max-snippet:-1","max-image-preview":"max-image-preview:large","max-video-preview":"max-video-preview:-1"},"schema":{"@context":"https:\/\/schema.org","@graph":[{"@type":"WebPage","@id":"https:\/\/www.neue-jaeger.de\/en\/contact\/","url":"https:\/\/www.neue-jaeger.de\/en\/contact\/","name":"Kontaktieren Sie uns | Neue J\u00e4ger GmbH","isPartOf":{"@id":"https:\/\/www.neue-jaeger.de\/#website"},"datePublished":"2023-12-31T15:52:25+00:00","dateModified":"2026-03-03T19:29:45+00:00","description":"Haben Sie Fragen zu unseren Produkten oder ben\u00f6tigen technische Unterst\u00fctzung? Kontaktieren Sie Neue J\u00e4ger jetzt f\u00fcr schnelle und professionelle Hilfe!","breadcrumb":{"@id":"https:\/\/www.neue-jaeger.de\/en\/contact\/#breadcrumb"},"inLanguage":"en-US","potentialAction":[{"@type":"ReadAction","target":["https:\/\/www.neue-jaeger.de\/en\/contact\/"]}]},{"@type":"BreadcrumbList","@id":"https:\/\/www.neue-jaeger.de\/en\/contact\/#breadcrumb","itemListElement":[{"@type":"ListItem","position":1,"name":"Home","item":"https:\/\/www.neue-jaeger.de\/"},{"@type":"ListItem","position":2,"name":"Contact"}]},{"@type":"WebSite","@id":"https:\/\/www.neue-jaeger.de\/en\/#website","url":"https:\/\/www.neue-jaeger.de\/en\/","name":"Neue J\u00c4GER Maschinenbau","description":"Rotary Valves and More","alternateName":"Neue J\u00c4GER","potentialAction":[{"@type":"SearchAction","target":{"@type":"EntryPoint","urlTemplate":"https:\/\/www.neue-jaeger.de\/en\/?s={search_term_string}"},"query-input":{"@type":"PropertyValueSpecification","valueRequired":true,"valueName":"search_term_string"}}],"inLanguage":"en-US"}]}},"jetpack_sharing_enabled":true,"_links":{"self":[{"href":"https:\/\/www.neue-jaeger.de\/en\/wp-json\/wp\/v2\/pages\/344","targetHints":{"allow":["GET"]}}],"collection":[{"href":"https:\/\/www.neue-jaeger.de\/en\/wp-json\/wp\/v2\/pages"}],"about":[{"href":"https:\/\/www.neue-jaeger.de\/en\/wp-json\/wp\/v2\/types\/page"}],"author":[{"embeddable":true,"href":"https:\/\/www.neue-jaeger.de\/en\/wp-json\/wp\/v2\/users\/1"}],"replies":[{"embeddable":true,"href":"https:\/\/www.neue-jaeger.de\/en\/wp-json\/wp\/v2\/comments?post=344"}],"version-history":[{"count":149,"href":"https:\/\/www.neue-jaeger.de\/en\/wp-json\/wp\/v2\/pages\/344\/revisions"}],"predecessor-version":[{"id":2015,"href":"https:\/\/www.neue-jaeger.de\/en\/wp-json\/wp\/v2\/pages\/344\/revisions\/2015"}],"wp:attachment":[{"href":"https:\/\/www.neue-jaeger.de\/en\/wp-json\/wp\/v2\/media?parent=344"}],"curies":[{"name":"wp","href":"https:\/\/api.w.org\/{rel}","templated":true}]}}