{"id":415,"date":"2024-01-05T21:26:51","date_gmt":"2024-01-05T21:26:51","guid":{"rendered":"https:\/\/www.neuejaeger.de\/?page_id=415"},"modified":"2024-10-16T10:06:10","modified_gmt":"2024-10-16T10:06:10","slug":"impressum","status":"publish","type":"page","link":"https:\/\/www.neue-jaeger.de\/en\/imprint\/","title":{"rendered":"Imprint"},"content":{"rendered":"<h1>Impressum<\/h1>\n<h2>Angaben gem\u00e4\u00df \u00a7 5 TMG<\/h2>\n<div>\n<p><b>Herausgeber:<\/b><br \/>Neue J\u00c4GER Maschinenbau GmbH &amp; Co. KG<br \/>Hausberger Stra\u00dfe 60<br \/>DE-32457 Porta Westfalica<\/p>\n<p>Telefon: +49 571 97 20-0<br \/>Fax: +49 571 97 20-170<\/p>\n<p>Umsatzsteuer-Identifikationsnummer: DE 310 017 335<br \/>Registergericht: Bad Oeynhausen HRA 9137<\/p>\n<p><b>Komplement\u00e4rin:<\/b><br \/>Neue J\u00e4ger Verwaltungs GmbH<br \/>Registergericht: Bad Oeynhausen HRB 15290<br \/>Gesch\u00e4ftsf\u00fchrer: J\u00fcrgen Peschla<\/p>\n<\/div>\n<p>\n    <a href=\"\/kontakt\/\">Jetzt kontaktieren<\/a>\n<\/p>\n<p><!--more--><br \/>\n<!-- {\"type\":\"layout\",\"children\":[{\"type\":\"section\",\"props\":{\"image_position\":\"center-center\",\"padding\":\"xsmall\",\"style\":\"default\",\"title_breakpoint\":\"xl\",\"title_position\":\"top-left\",\"title_rotation\":\"left\",\"vertical_align\":\"\",\"width\":\"default\"},\"children\":[{\"type\":\"row\",\"children\":[{\"type\":\"column\",\"props\":{\"image_position\":\"center-center\",\"position_sticky_breakpoint\":\"m\"},\"children\":[{\"type\":\"module\",\"props\":{\"menu_image_align\":\"center\",\"menu_image_margin\":true,\"menu_style\":\"default\",\"menu_type\":\"nav\",\"type\":\"builderwidget\",\"widget\":\"builderwidget-5\"}}]}]}],\"name\":\"Breadcrumbs\"},{\"type\":\"section\",\"props\":{\"image_position\":\"center-center\",\"padding\":\"large\",\"style\":\"default\",\"title_breakpoint\":\"xl\",\"title_position\":\"top-left\",\"title_rotation\":\"left\",\"vertical_align\":\"\",\"width\":\"default\"},\"children\":[{\"type\":\"row\",\"children\":[{\"type\":\"column\",\"props\":{\"image_position\":\"center-center\",\"position_sticky_breakpoint\":\"m\"},\"children\":[{\"type\":\"headline\",\"props\":{\"content\":\"Impressum\",\"content_en_us\":\"Imprint\",\"margin_remove_top\":true,\"title_element\":\"h1\",\"title_style\":\"h2\"}},{\"type\":\"headline\",\"props\":{\"content\":\"Angaben gem\\u00e4\\u00df \\u00a7 5 TMG\",\"content_en_us\":\"According to \\u00a7 5 TMG\",\"margin_remove_bottom\":true,\"title_element\":\"h2\",\"title_style\":\"h5\"}},{\"type\":\"text\",\"props\":{\"column_breakpoint\":\"m\",\"content\":\"\n\n<p><b>Herausgeber:<\\\/b><br \\\/>Neue J\\u00c4GER Maschinenbau GmbH &amp; Co. KG<br \\\/>Hausberger Stra\\u00dfe 60<br \\\/>DE-32457 Porta Westfalica<\\\/p>\\n\n\n<p>Telefon: +49 571 97 20-0<br \\\/>Fax: +49 571 97 20-170<\\\/p>\\n\n\n<p>Umsatzsteuer-Identifikationsnummer: DE 310 017 335<br \\\/>Registergericht: Bad Oeynhausen HRA 9137<\\\/p>\\n\n\n<p><b>Komplement\\u00e4rin:<\\\/b><br \\\/>Neue J\\u00e4ger Verwaltungs GmbH<br \\\/>Registergericht: Bad Oeynhausen HRB 15290<br \\\/>Gesch\\u00e4ftsf\\u00fchrer: J\\u00fcrgen Peschla<\\\/p>\",\"content_en_us\":\"\n\n<p><b>Publisher:<\\\/b><br \\\/>Neue J\\u00c4GER Maschinenbau GmbH &amp; Co. KG<br \\\/>Hausberger Stra\\u00dfe 60<br \\\/>DE-32457 Porta Westfalica<\\\/p>\\n\n\n<p>Phone: +49 571 97 20-0<br \\\/>Fax: +49 571 97 20-170<\\\/p>\\n\n\n<p>Commercial register: DE 310 017 335<br \\\/>Register court: Bad Oeynhausen HRA 9137<\\\/p>\\n\n\n<p><b>General Partner:<\\\/b><br \\\/>Neue J\\u00e4ger Verwaltungs GmbH<br \\\/>Register court: Bad Oeynhausen HRB 15290<br \\\/>Represented by: J\\u00fcrgen Peschla<\\\/p>\",\"margin\":\"medium\"}},{\"type\":\"button\",\"props\":{\"grid_column_gap\":\"small\",\"grid_row_gap\":\"small\",\"margin\":\"medium\"},\"children\":[{\"type\":\"button_item\",\"props\":{\"button_style\":\"primary\",\"content\":\"Jetzt kontaktieren\",\"content_en_us\":\"Contact Us\",\"icon_align\":\"left\",\"link\":\"kontakt\\\/\",\"link_en_us\":\"en\\\/contact\\\/\"}}]}]}]}],\"name\":\"Standard Section\"}],\"version\":\"4.4.5\",\"yooessentialsVersion\":\"2.2.4\"} --><\/p>\n","protected":false},"excerpt":{"rendered":"<p>Impressum Angaben gem\u00e4\u00df \u00a7 5 TMG Herausgeber:Neue J\u00c4GER Maschinenbau GmbH &amp; Co. KGHausberger Stra\u00dfe 60DE-32457 Porta Westfalica Telefon: +49 571 97 20-0Fax: +49 571 97 20-170 Umsatzsteuer-Identifikationsnummer: DE 310 017 335Registergericht: Bad Oeynhausen HRA 9137 Komplement\u00e4rin:Neue J\u00e4ger Verwaltungs GmbHRegistergericht: Bad Oeynhausen HRB 15290Gesch\u00e4ftsf\u00fchrer: J\u00fcrgen Peschla Jetzt kontaktieren<\/p>\n","protected":false},"author":1,"featured_media":0,"parent":0,"menu_order":0,"comment_status":"closed","ping_status":"closed","template":"","meta":{"_acf_changed":false,"footnotes":""},"class_list":["post-415","page","type-page","status-publish","hentry"],"acf":[],"yoast_head":"<!-- This site is optimized with the Yoast SEO plugin v26.8 - https:\/\/yoast.com\/product\/yoast-seo-wordpress\/ -->\n<title>Legal Notice | Neue J\u00e4ger GmbH Website Imprint<\/title>\n<meta name=\"description\" content=\"Review our legal notice for key information about Neue J\u00e4ger. Stay informed about our terms, conditions, and corporate details.\" \/>\n<meta name=\"robots\" content=\"index, follow, max-snippet:-1, max-image-preview:large, max-video-preview:-1\" \/>\n<script type=\"application\/ld+json\" class=\"yoast-schema-graph\">{\"@context\":\"https:\/\/schema.org\",\"@graph\":[{\"@type\":\"WebPage\",\"@id\":\"https:\/\/www.neue-jaeger.de\/en\/imprint\/\",\"url\":\"https:\/\/www.neue-jaeger.de\/en\/imprint\/\",\"name\":\"Impressum \u2013 Neue J\u00e4ger GmbH\",\"isPartOf\":{\"@id\":\"https:\/\/www.neue-jaeger.de\/#website\"},\"datePublished\":\"2024-01-05T21:26:51+00:00\",\"dateModified\":\"2024-10-16T10:06:10+00:00\",\"description\":\"Rechtliche Informationen zur Neue J\u00e4ger GmbH.\",\"breadcrumb\":{\"@id\":\"https:\/\/www.neue-jaeger.de\/en\/imprint\/#breadcrumb\"},\"inLanguage\":\"en-US\",\"potentialAction\":[{\"@type\":\"ReadAction\",\"target\":[\"https:\/\/www.neue-jaeger.de\/en\/imprint\/\"]}]},{\"@type\":\"BreadcrumbList\",\"@id\":\"https:\/\/www.neue-jaeger.de\/en\/imprint\/#breadcrumb\",\"itemListElement\":[{\"@type\":\"ListItem\",\"position\":1,\"name\":\"Home\",\"item\":\"https:\/\/www.neue-jaeger.de\/\"},{\"@type\":\"ListItem\",\"position\":2,\"name\":\"Imprint\"}]},{\"@type\":\"WebSite\",\"@id\":\"https:\/\/www.neue-jaeger.de\/en\/#website\",\"url\":\"https:\/\/www.neue-jaeger.de\/en\/\",\"name\":\"Neue J\u00c4GER Maschinenbau\",\"description\":\"Rotary Valves and More\",\"alternateName\":\"Neue J\u00c4GER\",\"potentialAction\":[{\"@type\":\"SearchAction\",\"target\":{\"@type\":\"EntryPoint\",\"urlTemplate\":\"https:\/\/www.neue-jaeger.de\/en\/?s={search_term_string}\"},\"query-input\":{\"@type\":\"PropertyValueSpecification\",\"valueRequired\":true,\"valueName\":\"search_term_string\"}}],\"inLanguage\":\"en-US\"}]}<\/script>\n<!-- \/ Yoast SEO plugin. -->","yoast_head_json":{"title":"Legal Notice | Neue J\u00e4ger GmbH Website Imprint","description":"Review our legal notice for key information about Neue J\u00e4ger. Stay informed about our terms, conditions, and corporate details.","robots":{"index":"index","follow":"follow","max-snippet":"max-snippet:-1","max-image-preview":"max-image-preview:large","max-video-preview":"max-video-preview:-1"},"schema":{"@context":"https:\/\/schema.org","@graph":[{"@type":"WebPage","@id":"https:\/\/www.neue-jaeger.de\/en\/imprint\/","url":"https:\/\/www.neue-jaeger.de\/en\/imprint\/","name":"Impressum \u2013 Neue J\u00e4ger GmbH","isPartOf":{"@id":"https:\/\/www.neue-jaeger.de\/#website"},"datePublished":"2024-01-05T21:26:51+00:00","dateModified":"2024-10-16T10:06:10+00:00","description":"Rechtliche Informationen zur Neue J\u00e4ger GmbH.","breadcrumb":{"@id":"https:\/\/www.neue-jaeger.de\/en\/imprint\/#breadcrumb"},"inLanguage":"en-US","potentialAction":[{"@type":"ReadAction","target":["https:\/\/www.neue-jaeger.de\/en\/imprint\/"]}]},{"@type":"BreadcrumbList","@id":"https:\/\/www.neue-jaeger.de\/en\/imprint\/#breadcrumb","itemListElement":[{"@type":"ListItem","position":1,"name":"Home","item":"https:\/\/www.neue-jaeger.de\/"},{"@type":"ListItem","position":2,"name":"Imprint"}]},{"@type":"WebSite","@id":"https:\/\/www.neue-jaeger.de\/en\/#website","url":"https:\/\/www.neue-jaeger.de\/en\/","name":"Neue J\u00c4GER Maschinenbau","description":"Rotary Valves and More","alternateName":"Neue J\u00c4GER","potentialAction":[{"@type":"SearchAction","target":{"@type":"EntryPoint","urlTemplate":"https:\/\/www.neue-jaeger.de\/en\/?s={search_term_string}"},"query-input":{"@type":"PropertyValueSpecification","valueRequired":true,"valueName":"search_term_string"}}],"inLanguage":"en-US"}]}},"jetpack_sharing_enabled":true,"_links":{"self":[{"href":"https:\/\/www.neue-jaeger.de\/en\/wp-json\/wp\/v2\/pages\/415","targetHints":{"allow":["GET"]}}],"collection":[{"href":"https:\/\/www.neue-jaeger.de\/en\/wp-json\/wp\/v2\/pages"}],"about":[{"href":"https:\/\/www.neue-jaeger.de\/en\/wp-json\/wp\/v2\/types\/page"}],"author":[{"embeddable":true,"href":"https:\/\/www.neue-jaeger.de\/en\/wp-json\/wp\/v2\/users\/1"}],"replies":[{"embeddable":true,"href":"https:\/\/www.neue-jaeger.de\/en\/wp-json\/wp\/v2\/comments?post=415"}],"version-history":[{"count":25,"href":"https:\/\/www.neue-jaeger.de\/en\/wp-json\/wp\/v2\/pages\/415\/revisions"}],"predecessor-version":[{"id":1406,"href":"https:\/\/www.neue-jaeger.de\/en\/wp-json\/wp\/v2\/pages\/415\/revisions\/1406"}],"wp:attachment":[{"href":"https:\/\/www.neue-jaeger.de\/en\/wp-json\/wp\/v2\/media?parent=415"}],"curies":[{"name":"wp","href":"https:\/\/api.w.org\/{rel}","templated":true}]}}