{"id":423,"date":"2024-01-05T21:31:43","date_gmt":"2024-01-05T21:31:43","guid":{"rendered":"https:\/\/www.neuejaeger.de\/?page_id=423"},"modified":"2025-02-16T13:40:25","modified_gmt":"2025-02-16T13:40:25","slug":"zellenraeder","status":"publish","type":"page","link":"https:\/\/www.neue-jaeger.de\/en\/rotary-wheels\/","title":{"rendered":"Rotary Wheels"},"content":{"rendered":"<h2>Varianten f\u00fcr alle Zellenradschleusen<\/h2>\n<h2>Zellenr\u00e4der f\u00fcr Zellenradschleusen<\/h2>\n<div>Zellenradschleusen werden in der Sch\u00fcttgutindustrie f\u00fcr die unterschiedlichsten Aufgabenstellungen eingesetzt. Daneben gibt es eine gro\u00dfe Anzahl verschiedener Sch\u00fcttg\u00fcter und F\u00f6rdermedien, deren Eigenschaften zus\u00e4tzlich je nach Beschaffenheit variieren. Damit unsere Zellenradschleusen jederzeit zuverl\u00e4ssig und wirtschaftlich arbeiten, haben wir eine gro\u00dfe Anzahl verschiedener Zellenr\u00e4der entwickelt, die je nach Aufgabenstellung und Beschafenheit des F\u00f6rdermediums zum Einsatz kommt.<\/div>\n<p><p>\n        <a href=\"\/kontakt\/\">Jetzt Zellenr\u00e4der anfragen<\/a>\n    <\/p>\n<\/p>\n<ul>\n<li>\n<p>        <img decoding=\"async\" src=\"\/wp-content\/uploads\/2024\/02\/zellenraeder-zellenrad-typ-1.png\" alt=\"\"><\/p>\n<h3>Zellenrad Typ 1 Standardversion<\/h3>\n<div>\n<ul>\n<li>Werkstoff GG20, Stahl oder VA<\/li>\n<li>Mit bis zu 14 Kammern<\/li>\n<li>Abdichtung des Radseitenraums durch seitliche Stirnplatten<\/li>\n<li>Ausf\u00fchrung mit Lagerzapfen oder Buchse<\/li>\n<li>Ausf\u00fchrung mit 2 Wellenenden f\u00fcr zentralen Antrieb und Kupplung<\/li>\n<\/ul>\n<\/div>\n<\/li>\n<li>\n<p>        <img decoding=\"async\" src=\"\/wp-content\/uploads\/2024\/02\/zellenraeder-zellenrad-typ-2.png\" alt=\"\"><\/p>\n<h3>Zellenrad Typ 2 Standard mit elastischen Dichtlippen<\/h3>\n<div>\n<ul>\n<li>Werkstoff GG20, Stahl oder VA<\/li>\n<li>Mit bis zu 14 Kammern<\/li>\n<li>Abdichtung des Radseitenraums durch seitliche Stirnplatten<\/li>\n<li>Dichtlippen aus Vulkollan oder mit FDA- oder EHEDG-Zulassung<\/li>\n<li>Dichtlippen sind einstellbar und austauschbar<\/li>\n<\/ul>\n<\/div>\n<\/li>\n<li>\n<p>        <img decoding=\"async\" src=\"\/wp-content\/uploads\/2024\/02\/zellenraeder-zellenrad-typ-3.png\" alt=\"\"><\/p>\n<h3>Zellenrad Typ 3 Standardversion mit Schlei\u00dfleisten<\/h3>\n<div>\n<ul>\n<li>Werkstoff GG20, Stahl oder VA<\/li>\n<li>Mit bis zu 14 Kammern<\/li>\n<li>Abdichtung des Radseitenraums durch seitliche Stirnplatten<\/li>\n<li>Schlei\u00dfleisten aus Federstahl oder VA<\/li>\n<li>F\u00fcr erh\u00f6hten Verschlei\u00dfschutz und lange Standzeiten<\/li>\n<li>Die Federstahlleisten sind einstellbar und austauschbar<\/li>\n<\/ul>\n<\/div>\n<\/li>\n<li>\n<p>        <img decoding=\"async\" src=\"\/wp-content\/uploads\/2024\/02\/zellenraeder-zellenrad-typ-4.png\" alt=\"\"><\/p>\n<h3>Zellenrad Typ 4 offen und ohne Stirnplatten<\/h3>\n<div>\n<ul>\n<li>Werkstoff Stahl oder VA<\/li>\n<li>Mit bis zu 14 Kammern<\/li>\n<li>Zellenrad seitlich offen ohne Radseitenscheiben<\/li>\n<li>auch f\u00fcr Korngr\u00f6\u00dfen unter 0,5 mm geeignet<\/li>\n<li>Verhindert zuverl\u00e4ssig ein Blockieren des Zellenrads<\/li>\n<\/ul>\n<\/div>\n<\/li>\n<li>\n<p>        <img decoding=\"async\" src=\"\/wp-content\/uploads\/2024\/02\/zellenraeder-zellenrad-typ-5.png\" alt=\"\"><\/p>\n<h3>Zellenrad Typ 5 mit schr\u00e4gen Stegplatten<\/h3>\n<div>\n<ul>\n<li>Werkstoff GG20, Stahl oder VA<\/li>\n<li>Mit bis zu 14 Kammern<\/li>\n<li>Abdichtung des Radseitenraums durch seitliche Stirnplatten<\/li>\n<li>Stirn- und\/oder Stegplatten angeschr\u00e4gt<\/li>\n<li>F\u00fcr F\u00f6rdermedien, die zum Verkleben neigen<\/li>\n<li>Werkstoff GG20, Stahl oder VA<\/li>\n<li>Ausf\u00fchrung mit bis zu 20 Kammern m\u00f6glich<\/li>\n<li>Abdichtung des Radseitenraums durch Stirnplatten<\/li>\n<li>Mit gefr\u00e4sten Dosierzellen<\/li>\n<li>Individuelle Anpassung des Kammervolumens<\/li>\n<li>Schr\u00e4ge Stege erm\u00f6glichen ein gleichm\u00e4\u00dfiges Entleeren<\/li>\n<\/ul>\n<\/div>\n<\/li>\n<li>\n<p>        <img decoding=\"async\" src=\"\/wp-content\/uploads\/2024\/02\/zellenraeder-zellenrad-typ-6.png\" alt=\"\"><\/p>\n<h3>Zellenrad Typ 6 mit geschlossenen Kammern<\/h3>\n<div>\n<ul>\n<li>Werkstoff GG20, Stahl oder VA<\/li>\n<li>Ausf\u00fchrung mit bis zu 20 Kammern m\u00f6glich<\/li>\n<li>Abdichtung des Radseitenraums durch Stirnplatten<\/li>\n<li>Anpassung der F\u00f6rdermenge durch reduzierte Kammerzahl<\/li>\n<\/ul>\n<\/div>\n<\/li>\n<\/ul>\n<p><!--more--><br \/>\n<!-- {\"type\":\"layout\",\"children\":[{\"type\":\"section\",\"props\":{\"height\":\"viewport\",\"height_offset_top\":true,\"height_viewport\":90,\"image\":\"wp-content\\\/uploads\\\/2024\\\/07\\\/zellenraeder-hero-01.jpg\",\"image_loading\":true,\"image_position\":\"center-center\",\"image_size\":\"cover\",\"media_overlay\":\"rgba(0, 0, 0, 0.36)\",\"media_overlay_gradient\":\"\\\/*linear-gradient(180deg, rgba(0,0,0,0.35) 0%, rgba(0,0,0,0.35) 50%, rgba(255,255,255,1) 100%);*\\\/\",\"overlap\":false,\"padding\":\"large\",\"style\":\"default\",\"text_color\":\"light\",\"title_breakpoint\":\"xl\",\"title_position\":\"top-left\",\"title_rotation\":\"left\",\"vertical_align\":\"bottom\",\"width\":\"default\"},\"children\":[{\"type\":\"row\",\"children\":[{\"type\":\"column\",\"props\":{\"image_position\":\"center-center\",\"position_sticky_breakpoint\":\"m\",\"vertical_align\":\"middle\"},\"children\":[{\"type\":\"headline\",\"props\":{\"animation\":\"parallax\",\"text_align\":\"left\",\"title_element\":\"h1\",\"title_font_family\":\"primary\",\"title_style\":\"heading-small\"},\"source\":{\"query\":{\"name\":\"pages.singlePage\"},\"props\":{\"content\":{\"filters\":{\"search\":\"\"},\"name\":\"title\"}}}},{\"type\":\"headline\",\"props\":{\"content\":\"Varianten f\\u00fcr alle Zellenradschleusen\",\"content_en_us\":\"Variants for all rotary valves\",\"margin\":\"remove-vertical\",\"text_align\":\"left\",\"title_element\":\"h2\",\"title_font_family\":\"primary\",\"title_style\":\"h2\"}}]}]}],\"name\":\"Hero Section - Pages\"},{\"type\":\"section\",\"props\":{\"image_position\":\"center-center\",\"padding\":\"xsmall\",\"style\":\"default\",\"title_breakpoint\":\"xl\",\"title_position\":\"top-left\",\"title_rotation\":\"left\",\"vertical_align\":\"\",\"width\":\"default\"},\"children\":[{\"type\":\"row\",\"children\":[{\"type\":\"column\",\"props\":{\"image_position\":\"center-center\",\"position_sticky_breakpoint\":\"m\",\"vertical_align\":\"middle\"},\"children\":[{\"type\":\"module\",\"props\":{\"menu_image_align\":\"center\",\"menu_image_margin\":true,\"menu_style\":\"default\",\"menu_type\":\"nav\",\"type\":\"builderwidget\",\"widget\":\"builderwidget-5\"}}]}],\"props\":{\"column_gap\":\"medium\"}}],\"name\":\"Breadcrumbs\"},{\"type\":\"section\",\"props\":{\"image_position\":\"center-center\",\"style\":\"default\",\"title_breakpoint\":\"xl\",\"title_position\":\"top-left\",\"title_rotation\":\"left\",\"vertical_align\":\"\",\"width\":\"default\"},\"children\":[{\"type\":\"row\",\"children\":[{\"type\":\"column\",\"props\":{\"image_position\":\"center-center\",\"position_sticky_breakpoint\":\"m\"},\"children\":[{\"type\":\"module\",\"props\":{\"menu_image_align\":\"center\",\"menu_image_margin\":true,\"menu_style\":\"default\",\"menu_type\":\"nav\"}}]}]}],\"name\":\"Breadcrumbs\"},{\"type\":\"section\",\"props\":{\"image_position\":\"center-center\",\"padding\":\"small\",\"style\":\"default\",\"title_breakpoint\":\"xl\",\"title_position\":\"top-left\",\"title_rotation\":\"left\",\"vertical_align\":\"\",\"width\":\"default\"},\"children\":[{\"type\":\"row\",\"children\":[{\"type\":\"column\",\"props\":{\"image_position\":\"center-center\",\"position_sticky_breakpoint\":\"m\"},\"children\":[{\"type\":\"headline\",\"props\":{\"content\":\"Zellenr\\u00e4der f\\u00fcr Zellenradschleusen\",\"content_en_us\":\"Your rotary valve manufacturer since 1985\",\"margin_remove_top\":true,\"title_element\":\"h2\",\"title_style\":\"h2\"}},{\"type\":\"text\",\"props\":{\"column_breakpoint\":\"m\",\"content\":\"Zellenradschleusen werden in der Sch\\u00fcttgutindustrie f\\u00fcr die unterschiedlichsten Aufgabenstellungen eingesetzt. Daneben gibt es eine gro\\u00dfe Anzahl verschiedener Sch\\u00fcttg\\u00fcter und F\\u00f6rdermedien, deren Eigenschaften zus\\u00e4tzlich je nach Beschaffenheit variieren. Damit unsere Zellenradschleusen jederzeit zuverl\\u00e4ssig und wirtschaftlich arbeiten, haben wir eine gro\\u00dfe Anzahl verschiedener Zellenr\\u00e4der entwickelt, die je nach Aufgabenstellung und Beschafenheit des F\\u00f6rdermediums zum Einsatz kommt.\",\"content_en_us\":\"Rotary valves are used in the bulk materials industry for a wide variety of tasks. In addition, there are a large number of different bulk solids and conveying media whose properties additionally vary depending on their nature. To ensure that our rotary valves work reliably and economically at all times, we have developed a large number of different rotary valves that are used depending on the task and the properties of the conveyed medium.\",\"margin\":\"medium\"}},{\"type\":\"button\",\"props\":{\"grid_column_gap\":\"small\",\"grid_row_gap\":\"small\",\"margin\":\"medium\"},\"children\":[{\"type\":\"button_item\",\"props\":{\"button_style\":\"primary\",\"content\":\"Jetzt Zellenr\\u00e4der anfragen\",\"content_en_us\":\"Contact Us\",\"dialog_layout\":\"modal\",\"dialog_offcanvas_flip\":true,\"icon_align\":\"left\",\"link\":\"kontakt\\\/\",\"link_en_us\":\"en\\\/contact\\\/\"}}]}]}]}],\"name\":\"text\"},{\"type\":\"section\",\"props\":{\"image_position\":\"center-center\",\"padding\":\"large\",\"style\":\"default\",\"title_breakpoint\":\"xl\",\"title_position\":\"top-left\",\"title_rotation\":\"left\",\"vertical_align\":\"\",\"width\":\"default\"},\"children\":[{\"type\":\"row\",\"children\":[{\"type\":\"column\",\"props\":{\"image_position\":\"center-center\",\"position_sticky_breakpoint\":\"m\"},\"children\":[{\"type\":\"grid\",\"props\":{\"content_column_breakpoint\":\"m\",\"filter_align\":\"left\",\"filter_all\":true,\"filter_grid_breakpoint\":\"m\",\"filter_grid_width\":\"auto\",\"filter_position\":\"top\",\"filter_style\":\"tab\",\"grid_column_align\":true,\"grid_column_gap\":\"small\",\"grid_default\":\"1\",\"grid_divider\":true,\"grid_medium\":\"\",\"grid_row_align\":true,\"icon_width\":80,\"image_align\":\"left\",\"image_grid_breakpoint\":\"s\",\"image_grid_column_gap\":\"small\",\"image_grid_width\":\"1-3\",\"image_svg_color\":\"emphasis\",\"image_vertical_align\":true,\"image_width\":\"300\",\"item_animation\":true,\"lightbox_bg_close\":true,\"link_style\":\"default\",\"link_text\":\"Read more\",\"margin\":\"default\",\"meta_align\":\"below-title\",\"meta_element\":\"div\",\"meta_style\":\"text-meta\",\"panel_link\":false,\"show_content\":true,\"show_hover_image\":true,\"show_hover_video\":true,\"show_image\":true,\"show_link\":true,\"show_meta\":true,\"show_title\":true,\"show_video\":true,\"title_align\":\"left\",\"title_element\":\"h3\",\"title_grid_breakpoint\":\"xl\",\"title_grid_column_gap\":\"small\",\"title_grid_row_gap\":\"small\",\"title_grid_width\":\"1-3\",\"title_hover_style\":\"reset\"},\"children\":[{\"type\":\"grid_item\",\"props\":{\"content\":\"\n\n<ul>\\n\n\n<li>Werkstoff GG20, Stahl oder VA<\\\/li>\\n\n\n<li>Mit bis zu 14 Kammern<\\\/li>\\n\n\n<li>Abdichtung des Radseitenraums durch seitliche Stirnplatten<\\\/li>\\n\n\n<li>Ausf\\u00fchrung mit Lagerzapfen oder Buchse<\\\/li>\\n\n\n<li>Ausf\\u00fchrung mit 2 Wellenenden f\\u00fcr zentralen Antrieb und Kupplung<\\\/li>\\n<\\\/ul>\",\"content_en_us\":\"\n\n<ul>\\n\n\n<li>Material GG20, steel or VA<\\\/li>\\n\n\n<li>With up to 14 chambers<\\\/li>\\n\n\n<li>Sealing of the wheel side chamber by lateral face plates<\\\/li>\\n\n\n<li>Version with bearing journal or bushing<\\\/li>\\n\n\n<li>Version with 2 shaft ends for central drive and coupling<\\\/li>\\n<\\\/ul>\",\"image\":\"wp-content\\\/uploads\\\/2024\\\/02\\\/zellenraeder-zellenrad-typ-1.png\",\"title\":\"Zellenrad Typ 1 Standardversion\",\"title_en_us\":\"Rotor type 1 standard version\"}},{\"type\":\"grid_item\",\"props\":{\"content\":\"\n\n<ul>\\n\n\n<li>Werkstoff GG20, Stahl oder VA<\\\/li>\\n\n\n<li>Mit bis zu 14 Kammern<\\\/li>\\n\n\n<li>Abdichtung des Radseitenraums durch seitliche Stirnplatten<\\\/li>\\n\n\n<li>Dichtlippen aus Vulkollan oder mit FDA- oder EHEDG-Zulassung<\\\/li>\\n\n\n<li>Dichtlippen sind einstellbar und austauschbar<\\\/li>\\n<\\\/ul>\",\"content_en_us\":\"\n\n<ul>\\n\n\n<li>Material GG20, steel or VA<\\\/li>\\n\n\n<li>With up to 14 chambers<\\\/li>\\n\n\n<li>Sealing of the wheel side chamber by lateral face plates<\\\/li>\\n\n\n<li>Sealing lips made of Vulkollan or with FDA or EHEDG approval<\\\/li>\\n\n\n<li>Sealing lips are adjustable and replaceable<\\\/li>\\n<\\\/ul>\",\"image\":\"wp-content\\\/uploads\\\/2024\\\/02\\\/zellenraeder-zellenrad-typ-2.png\",\"meta\":\"\",\"title\":\"Zellenrad Typ 2 Standard mit elastischen Dichtlippen\",\"title_en_us\":\"Rotor type 2 standard with elastic sealing lips\"}},{\"type\":\"grid_item\",\"props\":{\"content\":\"\n\n<ul>\\n\n\n<li>Werkstoff GG20, Stahl oder VA<\\\/li>\\n\n\n<li>Mit bis zu 14 Kammern<\\\/li>\\n\n\n<li>Abdichtung des Radseitenraums durch seitliche Stirnplatten<\\\/li>\\n\n\n<li>Schlei\\u00dfleisten aus Federstahl oder VA<\\\/li>\\n\n\n<li>F\\u00fcr erh\\u00f6hten Verschlei\\u00dfschutz und lange Standzeiten<\\\/li>\\n\n\n<li>Die Federstahlleisten sind einstellbar und austauschbar<\\\/li>\\n<\\\/ul>\",\"content_en_us\":\"\n\n<ul>\\n\n\n<li>Material GG20, steel or VA<\\\/li>\\n\n\n<li>With up to 14 chambers<\\\/li>\\n\n\n<li>Sealing of the wheel side chamber by lateral face plates<\\\/li>\\n\n\n<li>Wear strips made of spring steel or VA<\\\/li>\\n\n\n<li>For increased wear protection and long service life<\\\/li>\\n\n\n<li>The spring steel wear strips are adjustable and replaceable<\\\/li>\\n<\\\/ul>\",\"image\":\"wp-content\\\/uploads\\\/2024\\\/02\\\/zellenraeder-zellenrad-typ-3.png\",\"meta\":\"\",\"title\":\"Zellenrad Typ 3 Standardversion mit Schlei\\u00dfleisten\",\"title_en_us\":\"Rotor type 3 standard version with wear bars\"}},{\"type\":\"grid_item\",\"props\":{\"content\":\"\n\n<ul>\\n\n\n<li>Werkstoff Stahl oder VA<\\\/li>\\n\n\n<li>Mit bis zu 14 Kammern<\\\/li>\\n\n\n<li>Zellenrad seitlich offen ohne Radseitenscheiben<\\\/li>\\n\n\n<li>auch f\\u00fcr Korngr\\u00f6\\u00dfen unter 0,5 mm geeignet<\\\/li>\\n\n\n<li>Verhindert zuverl\\u00e4ssig ein Blockieren des Zellenrads<\\\/li>\\n<\\\/ul>\",\"content_en_us\":\"\n\n<ul>\\n\n\n<li>Material steel or VA<\\\/li>\\n\n\n<li>With up to 14 chambers<\\\/li>\\n\n\n<li>Cellular wheel laterally open without wheel side discs<\\\/li>\\n\n\n<li>Also suitable for grain sizes below 0.5 mm<\\\/li>\\n\n\n<li>Reliably prevents blocking of the cellular wheel<\\\/li>\\n<\\\/ul>\",\"image\":\"wp-content\\\/uploads\\\/2024\\\/02\\\/zellenraeder-zellenrad-typ-4.png\",\"meta\":\"\",\"title\":\"Zellenrad Typ 4 offen und ohne Stirnplatten\",\"title_en_us\":\"Rotor type 4 open and without face plates\"}},{\"type\":\"grid_item\",\"props\":{\"content\":\"\n\n<ul>\\n\n\n<li>Werkstoff GG20, Stahl oder VA<\\\/li>\\n\n\n<li>Mit bis zu 14 Kammern<\\\/li>\\n\n\n<li>Abdichtung des Radseitenraums durch seitliche Stirnplatten<\\\/li>\\n\n\n<li>Stirn- und\\\/oder Stegplatten angeschr\\u00e4gt<\\\/li>\\n\n\n<li>F\\u00fcr F\\u00f6rdermedien, die zum Verkleben neigen<\\\/li>\\n\n\n<li>Werkstoff GG20, Stahl oder VA<\\\/li>\\n\n\n<li>Ausf\\u00fchrung mit bis zu 20 Kammern m\\u00f6glich<\\\/li>\\n\n\n<li>Abdichtung des Radseitenraums durch Stirnplatten<\\\/li>\\n\n\n<li>Mit gefr\\u00e4sten Dosierzellen<\\\/li>\\n\n\n<li>Individuelle Anpassung des Kammervolumens<\\\/li>\\n\n\n<li>Schr\\u00e4ge Stege erm\\u00f6glichen ein gleichm\\u00e4\\u00dfiges Entleeren<\\\/li>\\n<\\\/ul>\",\"content_en_us\":\"\n\n<ul>\\n\n\n<li>Material GG20, steel or VA<\\\/li>\\n\n\n<li>With up to 14 chambers<\\\/li>\\n\n\n<li>Sealing of the wheel side chamber by lateral face plates<\\\/li>\\n\n\n<li>Face and\\\/or web plates beveled<\\\/li>\\n\n\n<li>For pumped media which tend to stick together<\\\/li>\\n\n\n<li>Material GG20, steel or VA<\\\/li>\\n\n\n<li>Design with up to 20 chambers possible<\\\/li>\\n\n\n<li>Sealing of the wheel side chamber by face plates<\\\/li>\\n\n\n<li>With milled metering cells<\\\/li>\\n\n\n<li>Individual adjustment of the chamber volume<\\\/li>\\n\n\n<li>Inclined webs enable uniform emptying<\\\/li>\\n<\\\/ul>\",\"image\":\"wp-content\\\/uploads\\\/2024\\\/02\\\/zellenraeder-zellenrad-typ-5.png\",\"meta\":\"\",\"title\":\"Zellenrad Typ 5 mit schr\\u00e4gen Stegplatten\",\"title_en_us\":\"Rotor type 5 with inclined web plates\"}},{\"type\":\"grid_item\",\"props\":{\"content\":\"\n\n<ul>\\n\n\n<li>Werkstoff GG20, Stahl oder VA<\\\/li>\\n\n\n<li>Ausf\\u00fchrung mit bis zu 20 Kammern m\\u00f6glich<\\\/li>\\n\n\n<li>Abdichtung des Radseitenraums durch Stirnplatten<\\\/li>\\n\n\n<li>Anpassung der F\\u00f6rdermenge durch reduzierte Kammerzahl<\\\/li>\\n<\\\/ul>\",\"content_en_us\":\"\n\n<ul>\\n\n\n<li>Material GG20, steel or VA<\\\/li>\\n\n\n<li>Design with up to 20 chambers possible<\\\/li>\\n\n\n<li>Sealing of the wheel side chamber by face plates<\\\/li>\\n\n\n<li>Adjustment of flow rate by reduced number of chambers<\\\/li>\\n<\\\/ul>\",\"image\":\"wp-content\\\/uploads\\\/2024\\\/02\\\/zellenraeder-zellenrad-typ-6.png\",\"meta\":\"\",\"title\":\"Zellenrad Typ 6 mit geschlossenen Kammern\",\"title_en_us\":\"Rotos type 6 with closed chambers\"}}]}]}]}]}],\"version\":\"4.5.0\",\"yooessentialsVersion\":\"2.3.0-beta.22\"} --><\/p>\n","protected":false},"excerpt":{"rendered":"<p>Varianten f\u00fcr alle Zellenradschleusen Zellenr\u00e4der f\u00fcr Zellenradschleusen Zellenradschleusen werden in der Sch\u00fcttgutindustrie f\u00fcr die unterschiedlichsten Aufgabenstellungen eingesetzt. Daneben gibt es eine gro\u00dfe Anzahl verschiedener Sch\u00fcttg\u00fcter und F\u00f6rdermedien, deren Eigenschaften zus\u00e4tzlich je nach Beschaffenheit variieren. Damit unsere Zellenradschleusen jederzeit zuverl\u00e4ssig und wirtschaftlich arbeiten, haben wir eine gro\u00dfe Anzahl verschiedener Zellenr\u00e4der entwickelt, die je nach Aufgabenstellung und [&hellip;]<\/p>\n","protected":false},"author":1,"featured_media":0,"parent":0,"menu_order":0,"comment_status":"closed","ping_status":"closed","template":"","meta":{"_acf_changed":false,"footnotes":""},"class_list":["post-423","page","type-page","status-publish","hentry"],"acf":[],"yoast_head":"<!-- This site is optimized with the Yoast SEO plugin v26.8 - https:\/\/yoast.com\/product\/yoast-seo-wordpress\/ -->\n<title>Rotary Wheels | Bulk Material Dosing &amp; Flow<\/title>\n<meta name=\"description\" content=\"Enhance your equipment&#039;s functionality with our precision-engineered rotary wheels. Suitable for various industrial applications.\" \/>\n<meta name=\"robots\" content=\"index, follow, max-snippet:-1, max-image-preview:large, max-video-preview:-1\" \/>\n<script type=\"application\/ld+json\" class=\"yoast-schema-graph\">{\"@context\":\"https:\/\/schema.org\",\"@graph\":[{\"@type\":\"WebPage\",\"@id\":\"https:\/\/www.neue-jaeger.de\/en\/rotary-wheels\/\",\"url\":\"https:\/\/www.neue-jaeger.de\/en\/rotary-wheels\/\",\"name\":\"Zellenr\u00e4der f\u00fcr Zellenradschleusen | Neue J\u00e4ger\",\"isPartOf\":{\"@id\":\"https:\/\/www.neue-jaeger.de\/#website\"},\"datePublished\":\"2024-01-05T21:31:43+00:00\",\"dateModified\":\"2025-02-16T13:40:25+00:00\",\"description\":\"Entdecken Sie unsere hochwertigen Zellenr\u00e4der, die die Langlebigkeit und Performance Ihrer Schleusen verbessern.\",\"breadcrumb\":{\"@id\":\"https:\/\/www.neue-jaeger.de\/en\/rotary-wheels\/#breadcrumb\"},\"inLanguage\":\"en-US\",\"potentialAction\":[{\"@type\":\"ReadAction\",\"target\":[\"https:\/\/www.neue-jaeger.de\/en\/rotary-wheels\/\"]}]},{\"@type\":\"BreadcrumbList\",\"@id\":\"https:\/\/www.neue-jaeger.de\/en\/rotary-wheels\/#breadcrumb\",\"itemListElement\":[{\"@type\":\"ListItem\",\"position\":1,\"name\":\"Home\",\"item\":\"https:\/\/www.neue-jaeger.de\/\"},{\"@type\":\"ListItem\",\"position\":2,\"name\":\"Rotary Wheels\"}]},{\"@type\":\"WebSite\",\"@id\":\"https:\/\/www.neue-jaeger.de\/en\/#website\",\"url\":\"https:\/\/www.neue-jaeger.de\/en\/\",\"name\":\"Neue J\u00c4GER Maschinenbau\",\"description\":\"Rotary Valves and More\",\"alternateName\":\"Neue J\u00c4GER\",\"potentialAction\":[{\"@type\":\"SearchAction\",\"target\":{\"@type\":\"EntryPoint\",\"urlTemplate\":\"https:\/\/www.neue-jaeger.de\/en\/?s={search_term_string}\"},\"query-input\":{\"@type\":\"PropertyValueSpecification\",\"valueRequired\":true,\"valueName\":\"search_term_string\"}}],\"inLanguage\":\"en-US\"}]}<\/script>\n<!-- \/ Yoast SEO plugin. -->","yoast_head_json":{"title":"Rotary Wheels | Bulk Material Dosing & Flow","description":"Enhance your equipment's functionality with our precision-engineered rotary wheels. Suitable for various industrial applications.","robots":{"index":"index","follow":"follow","max-snippet":"max-snippet:-1","max-image-preview":"max-image-preview:large","max-video-preview":"max-video-preview:-1"},"schema":{"@context":"https:\/\/schema.org","@graph":[{"@type":"WebPage","@id":"https:\/\/www.neue-jaeger.de\/en\/rotary-wheels\/","url":"https:\/\/www.neue-jaeger.de\/en\/rotary-wheels\/","name":"Zellenr\u00e4der f\u00fcr Zellenradschleusen | Neue J\u00e4ger","isPartOf":{"@id":"https:\/\/www.neue-jaeger.de\/#website"},"datePublished":"2024-01-05T21:31:43+00:00","dateModified":"2025-02-16T13:40:25+00:00","description":"Entdecken Sie unsere hochwertigen Zellenr\u00e4der, die die Langlebigkeit und Performance Ihrer Schleusen verbessern.","breadcrumb":{"@id":"https:\/\/www.neue-jaeger.de\/en\/rotary-wheels\/#breadcrumb"},"inLanguage":"en-US","potentialAction":[{"@type":"ReadAction","target":["https:\/\/www.neue-jaeger.de\/en\/rotary-wheels\/"]}]},{"@type":"BreadcrumbList","@id":"https:\/\/www.neue-jaeger.de\/en\/rotary-wheels\/#breadcrumb","itemListElement":[{"@type":"ListItem","position":1,"name":"Home","item":"https:\/\/www.neue-jaeger.de\/"},{"@type":"ListItem","position":2,"name":"Rotary Wheels"}]},{"@type":"WebSite","@id":"https:\/\/www.neue-jaeger.de\/en\/#website","url":"https:\/\/www.neue-jaeger.de\/en\/","name":"Neue J\u00c4GER Maschinenbau","description":"Rotary Valves and More","alternateName":"Neue J\u00c4GER","potentialAction":[{"@type":"SearchAction","target":{"@type":"EntryPoint","urlTemplate":"https:\/\/www.neue-jaeger.de\/en\/?s={search_term_string}"},"query-input":{"@type":"PropertyValueSpecification","valueRequired":true,"valueName":"search_term_string"}}],"inLanguage":"en-US"}]}},"jetpack_sharing_enabled":true,"_links":{"self":[{"href":"https:\/\/www.neue-jaeger.de\/en\/wp-json\/wp\/v2\/pages\/423","targetHints":{"allow":["GET"]}}],"collection":[{"href":"https:\/\/www.neue-jaeger.de\/en\/wp-json\/wp\/v2\/pages"}],"about":[{"href":"https:\/\/www.neue-jaeger.de\/en\/wp-json\/wp\/v2\/types\/page"}],"author":[{"embeddable":true,"href":"https:\/\/www.neue-jaeger.de\/en\/wp-json\/wp\/v2\/users\/1"}],"replies":[{"embeddable":true,"href":"https:\/\/www.neue-jaeger.de\/en\/wp-json\/wp\/v2\/comments?post=423"}],"version-history":[{"count":44,"href":"https:\/\/www.neue-jaeger.de\/en\/wp-json\/wp\/v2\/pages\/423\/revisions"}],"predecessor-version":[{"id":1654,"href":"https:\/\/www.neue-jaeger.de\/en\/wp-json\/wp\/v2\/pages\/423\/revisions\/1654"}],"wp:attachment":[{"href":"https:\/\/www.neue-jaeger.de\/en\/wp-json\/wp\/v2\/media?parent=423"}],"curies":[{"name":"wp","href":"https:\/\/api.w.org\/{rel}","templated":true}]}}