{"id":425,"date":"2024-01-05T21:31:55","date_gmt":"2024-01-05T21:31:55","guid":{"rendered":"https:\/\/www.neuejaeger.de\/?page_id=425"},"modified":"2025-06-23T21:29:49","modified_gmt":"2025-06-23T21:29:49","slug":"zubehoer","status":"publish","type":"page","link":"https:\/\/www.neue-jaeger.de\/en\/accessories\/","title":{"rendered":"Accessories"},"content":{"rendered":"<h2>Aufgabeschuhe, Leckluftstutzen, Vorabstreifer<\/h2>\n<h2>Zubeh\u00f6r f\u00fcr Zellenradschleusen<\/h2>\n<div>Zellenradschleusen ben\u00f6tigen je nach Eigenschaft des F\u00f6rdermediums und der Art der F\u00f6rderung unterschiedliches Zubeh\u00f6r. Die Neue J\u00c4GER stellt f\u00fcr verschiedene Anwendungsf\u00e4lle unterschiedliche Aufgabeschuhe, Leckluftsutzen, Vorabstreifer, Schaugl\u00e4ser, Drehzahlw\u00e4chter, Sperrgaseinheiten und anderes, f\u00fcr den sicheren Betrieb ihrer Zellenradschleusen und Anlagen geeignetes Zubeh\u00f6r zur Verf\u00fcgung.<\/div>\n<p><p>\n        <a href=\"\/kontakt\/\">Jetzt Zubeh\u00f6r anfragen<\/a>\n    <\/p>\n<\/p>\n<ul>\n<li>\n<p>        <img decoding=\"async\" src=\"\/wp-content\/uploads\/2024\/02\/zubehoer-aufgabeschuh.png\" alt=\"\"><\/p>\n<h3>Aufgabeschuh<\/h3>\n<div>\n<ul>\n<li>Werkstoff Stahl oder VA<\/li>\n<li>mit integrierter VENTURI-D\u00fcse<\/li>\n<li>sichere Beherschung von Druckdifferenzen<\/li>\n<li>zuverl\u00e4ssige F\u00f6rderung durch integrierte VENTURI-D\u00fcse<\/li>\n<li>f\u00fcr unterschiedliche Flanschdurchmesser<\/li>\n<li>mit Flanschanschluss oder Schwei\u00dfenden<\/li>\n<\/ul>\n<\/div>\n<\/li>\n<li>\n<p>        <img decoding=\"async\" src=\"\/wp-content\/uploads\/2024\/02\/zubehoer-aufgabeschuh-totraumfrei.png\" alt=\"\"><\/p>\n<h3>Aufgabeschuh, totraumfrei<\/h3>\n<div>\n<ul>\n<li>Werkstoff Stahl oder VA<\/li>\n<li>mit integrierter VENTURI-D\u00fcse<\/li>\n<li>sichere Beherschung von Druckdifferenzen<\/li>\n<li>zuverl\u00e4ssige F\u00f6rderung durch integrierte VENTURI-D\u00fcse<\/li>\n<li>AGS in totraumfreier Ausf\u00fchrung<\/li>\n<li>f\u00fcr unterschiedliche Flanschdurchmesser<\/li>\n<li>mit Flanschanschluss oder Schwei\u00dfenden<\/li>\n<\/ul>\n<\/div>\n<\/li>\n<li>\n<p>        <img decoding=\"async\" src=\"\/wp-content\/uploads\/2024\/02\/zubehoer-leckluftstutzen.png\" alt=\"\"><\/p>\n<h3>Leckluftstutzen<\/h3>\n<div>\n<ul>\n<li>sichere Kammerf\u00fcllung durch Leckluftabf\u00fchrung<\/li>\n<li>Ausgleich von Druckdifferenzen<\/li>\n<li>optimierte Kammerf\u00fcllung durch integrierten Vorabstreifer<\/li>\n<\/ul>\n<\/div>\n<\/li>\n<li>\n<p>        <img decoding=\"async\" src=\"\/wp-content\/uploads\/2024\/02\/zubehoer-vorabstreifer-vas.png\" alt=\"\"><\/p>\n<h3>Vorabstreifer VAS<\/h3>\n<div>\n<ul>\n<li>schonende Behandlung des F\u00f6rdermediums<\/li>\n<li>verbesserte Kammerf\u00fcllung<\/li>\n<li>st\u00f6rungsfreier Betrieb der Zellenradschleuse<\/li>\n<li>Varianten in runder oder eckiger Ausf\u00fchrung<\/li>\n<li>f\u00fcr unterschiedliche Flanschdurchmesser<\/li>\n<li>Vorabstreifer mit Vulkollandichtlippe erh\u00e4ltlich<\/li>\n<\/ul>\n<\/div>\n<\/li>\n<li>\n<p>        <img decoding=\"async\" src=\"\/wp-content\/uploads\/2024\/02\/zubehoer-schauglaseinheit.png\" alt=\"\"><\/p>\n<h3>Schauglaseinheit<\/h3>\n<div>\n<ul>\n<li>Kontrolleinheit zur \u00dcberwachung des F\u00f6rderstroms<\/li>\n<li>Stabiles Schauglas aus Plexiglas<\/li>\n<li>Lebensmittelkonforme Ausf\u00fchrung<\/li>\n<li>Hohe Oberfl\u00e4chenh\u00e4rte<\/li>\n<li>Erh\u00f6hte Schlagfestigkeit<\/li>\n<\/ul>\n<\/div>\n<\/li>\n<li>\n<p>        <img decoding=\"async\" src=\"\/wp-content\/uploads\/2024\/02\/zubehoer-drehzahlwaechter.png\" alt=\"\"><\/p>\n<h3>Drehzahlw\u00e4chter<\/h3>\n<div>\n<ul>\n<li>4 Fl\u00fcgel \u00fcber Gewindebohrung mit Welle verschraubt<\/li>\n<li>Kontrolleinheit zur \u00dcberwachung der Funktion<\/li>\n<li>Messung der Drehrichtung<\/li>\n<li>Anschlussm\u00f6glichkeit f\u00fcr verschiedene Sensoren<\/li>\n<\/ul>\n<\/div>\n<\/li>\n<li>\n<p>        <img decoding=\"async\" src=\"\/wp-content\/uploads\/2024\/02\/zubehoer-stopfbuchspackung.png\" alt=\"\"><\/p>\n<h3>Stopfbuchspackung<\/h3>\n<div>\n<ul>\n<li>Lagerdeckel mit Stopfbuchspackung<\/li>\n<li>Stopfbuchspackung nachstellbar<\/li>\n<li>mit Sperr- oder Sp\u00fclgasanschluss<\/li>\n<li>FDA geeignete Packungsringe<\/li>\n<li>Reingraphitpackungen f\u00fcr Hochtemperaturanwendungen<\/li>\n<\/ul>\n<\/div>\n<\/li>\n<\/ul>\n<p><!--more--><br \/>\n<!-- {\"type\":\"layout\",\"children\":[{\"type\":\"section\",\"props\":{\"height\":\"viewport\",\"height_offset_top\":true,\"height_viewport\":90,\"image\":\"wp-content\\\/uploads\\\/2025\\\/01\\\/zubehoer-hero-01.jpg\",\"image_loading\":true,\"image_position\":\"center-center\",\"image_size\":\"cover\",\"media_overlay\":\"rgba(0, 0, 0, 0.36)\",\"media_overlay_gradient\":\"\\\/*linear-gradient(180deg, rgba(0,0,0,0.35) 0%, rgba(0,0,0,0.35) 50%, rgba(255,255,255,1) 100%);*\\\/\",\"overlap\":false,\"padding\":\"large\",\"style\":\"default\",\"text_color\":\"light\",\"title_breakpoint\":\"xl\",\"title_position\":\"top-left\",\"title_rotation\":\"left\",\"vertical_align\":\"bottom\",\"width\":\"default\"},\"children\":[{\"type\":\"row\",\"children\":[{\"type\":\"column\",\"props\":{\"image_position\":\"center-center\",\"position_sticky_breakpoint\":\"m\"},\"children\":[{\"type\":\"headline\",\"props\":{\"animation\":\"parallax\",\"text_align\":\"left\",\"title_element\":\"h1\",\"title_font_family\":\"primary\",\"title_style\":\"heading-small\"},\"source\":{\"query\":{\"name\":\"pages.singlePage\"},\"props\":{\"content\":{\"filters\":{\"search\":\"\"},\"name\":\"title\"}}}},{\"type\":\"headline\",\"props\":{\"content\":\"Aufgabeschuhe, Leckluftstutzen, Vorabstreifer\",\"margin\":\"remove-vertical\",\"title_element\":\"h2\",\"title_font_family\":\"primary\",\"title_style\":\"h2\"}}]}]}],\"name\":\"Hero Section - Pages\"},{\"type\":\"section\",\"props\":{\"image_position\":\"center-center\",\"padding\":\"xsmall\",\"style\":\"default\",\"title_breakpoint\":\"xl\",\"title_position\":\"top-left\",\"title_rotation\":\"left\",\"vertical_align\":\"\",\"width\":\"default\"},\"children\":[{\"type\":\"row\",\"children\":[{\"type\":\"column\",\"props\":{\"image_position\":\"center-center\",\"position_sticky_breakpoint\":\"m\"},\"children\":[{\"type\":\"module\",\"props\":{\"menu_image_align\":\"center\",\"menu_image_margin\":true,\"menu_style\":\"default\",\"menu_type\":\"nav\",\"type\":\"builderwidget\",\"widget\":\"builderwidget-5\"}}]}]}],\"name\":\"Breadcrumbs\"},{\"type\":\"section\",\"props\":{\"image_position\":\"center-center\",\"padding\":\"small\",\"style\":\"default\",\"title_breakpoint\":\"xl\",\"title_position\":\"top-left\",\"title_rotation\":\"left\",\"vertical_align\":\"\",\"width\":\"default\"},\"children\":[{\"type\":\"row\",\"children\":[{\"type\":\"column\",\"props\":{\"image_position\":\"center-center\",\"position_sticky_breakpoint\":\"m\"},\"children\":[{\"type\":\"headline\",\"props\":{\"content\":\"Zubeh\\u00f6r f\\u00fcr Zellenradschleusen\",\"content_en_us\":\"Accessories for Rotary Valves\",\"margin_remove_top\":true,\"title_element\":\"h2\",\"title_style\":\"h2\"}},{\"type\":\"text\",\"props\":{\"column_breakpoint\":\"m\",\"content\":\"Zellenradschleusen ben\\u00f6tigen je nach Eigenschaft des F\\u00f6rdermediums und der Art der F\\u00f6rderung unterschiedliches Zubeh\\u00f6r. Die Neue J\\u00c4GER stellt f\\u00fcr verschiedene Anwendungsf\\u00e4lle unterschiedliche Aufgabeschuhe, Leckluftsutzen, Vorabstreifer, Schaugl\\u00e4ser, Drehzahlw\\u00e4chter, Sperrgaseinheiten und anderes, f\\u00fcr den sicheren Betrieb ihrer Zellenradschleusen und Anlagen geeignetes Zubeh\\u00f6r zur Verf\\u00fcgung.\",\"content_en_us\":\"Rotary valves require different accessories depending on the properties of the medium to be conveyed and the type of conveying. Neue J\\u00c4GER provides different feed shoes, leakage air nozzles, pre-scrapers, sight glasses, speed monitors, seal gas units and other accessories suitable for the safe operation of its rotary valves and plants for various applications.\",\"margin\":\"medium\"}},{\"type\":\"button\",\"props\":{\"grid_column_gap\":\"small\",\"grid_row_gap\":\"small\",\"margin\":\"medium\"},\"children\":[{\"type\":\"button_item\",\"props\":{\"button_style\":\"primary\",\"content\":\"Jetzt Zubeh\\u00f6r anfragen\",\"content_en_us\":\"Inquire now\",\"dialog_layout\":\"modal\",\"dialog_offcanvas_flip\":true,\"icon_align\":\"left\",\"link\":\"kontakt\\\/\",\"link_en_us\":\"en\\\/contact\\\/\"}}]}]}]}],\"name\":\"text\"},{\"type\":\"section\",\"props\":{\"image_position\":\"center-center\",\"padding\":\"large\",\"style\":\"default\",\"title_breakpoint\":\"xl\",\"title_position\":\"top-left\",\"title_rotation\":\"left\",\"vertical_align\":\"\",\"width\":\"default\"},\"children\":[{\"type\":\"row\",\"children\":[{\"type\":\"column\",\"props\":{\"image_position\":\"center-center\",\"position_sticky_breakpoint\":\"m\"},\"children\":[{\"type\":\"grid\",\"props\":{\"content_column_breakpoint\":\"m\",\"filter_align\":\"left\",\"filter_all\":true,\"filter_grid_breakpoint\":\"m\",\"filter_grid_width\":\"auto\",\"filter_position\":\"top\",\"filter_style\":\"tab\",\"grid_column_align\":true,\"grid_column_gap\":\"small\",\"grid_default\":\"1\",\"grid_divider\":true,\"grid_medium\":\"\",\"grid_row_align\":true,\"icon_width\":80,\"image_align\":\"left\",\"image_grid_breakpoint\":\"s\",\"image_grid_column_gap\":\"small\",\"image_grid_width\":\"1-3\",\"image_svg_color\":\"emphasis\",\"image_vertical_align\":true,\"image_width\":\"300\",\"item_animation\":true,\"lightbox_bg_close\":true,\"link_style\":\"default\",\"link_text\":\"Read more\",\"margin\":\"default\",\"meta_align\":\"below-title\",\"meta_element\":\"div\",\"meta_style\":\"text-meta\",\"panel_link\":false,\"show_content\":true,\"show_hover_image\":true,\"show_hover_video\":true,\"show_image\":true,\"show_link\":true,\"show_meta\":true,\"show_title\":true,\"show_video\":true,\"title_align\":\"left\",\"title_element\":\"h3\",\"title_grid_breakpoint\":\"xl\",\"title_grid_column_gap\":\"small\",\"title_grid_row_gap\":\"small\",\"title_grid_width\":\"1-3\",\"title_hover_style\":\"reset\"},\"children\":[{\"type\":\"grid_item\",\"props\":{\"content\":\"\n\n<ul>\\n\n\n<li>Werkstoff Stahl oder VA<\\\/li>\\n\n\n<li>mit integrierter VENTURI-D\\u00fcse<\\\/li>\\n\n\n<li>sichere Beherschung von Druckdifferenzen<\\\/li>\\n\n\n<li>zuverl\\u00e4ssige F\\u00f6rderung durch integrierte VENTURI-D\\u00fcse<\\\/li>\\n\n\n<li>f\\u00fcr unterschiedliche Flanschdurchmesser<\\\/li>\\n\n\n<li>mit Flanschanschluss oder Schwei\\u00dfenden<\\\/li>\\n<\\\/ul>\",\"content_en_us\":\"\n\n<ul>\\n\n\n<li>Material steel or VA<\\\/li>\\n\n\n<li>with integrated VENTURI nozzle<\\\/li>\\n\n\n<li>safe control of pressure differences<\\\/li>\\n\n\n<li>reliable conveying due to integrated VENTURI nozzle<\\\/li>\\n\n\n<li>for different flange diameters<\\\/li>\\n\n\n<li>with flange connection or welding ends<\\\/li>\\n<\\\/ul>\",\"image\":\"wp-content\\\/uploads\\\/2024\\\/02\\\/zubehoer-aufgabeschuh.png\",\"title\":\"Aufgabeschuh\",\"title_en_us\":\"Dropout Box\"}},{\"type\":\"grid_item\",\"props\":{\"content\":\"\n\n<ul>\\n\n\n<li>Werkstoff Stahl oder VA<\\\/li>\\n\n\n<li>mit integrierter VENTURI-D\\u00fcse<\\\/li>\\n\n\n<li>sichere Beherschung von Druckdifferenzen<\\\/li>\\n\n\n<li>zuverl\\u00e4ssige F\\u00f6rderung durch integrierte VENTURI-D\\u00fcse<\\\/li>\\n\n\n<li>AGS in totraumfreier Ausf\\u00fchrung<\\\/li>\\n\n\n<li>f\\u00fcr unterschiedliche Flanschdurchmesser<\\\/li>\\n\n\n<li>mit Flanschanschluss oder Schwei\\u00dfenden<\\\/li>\\n<\\\/ul>\",\"content_en_us\":\"\n\n<ul>\\n\n\n<li>Material steel or VA<\\\/li>\\n\n\n<li>with integrated VENTURI nozzle<\\\/li>\\n\n\n<li>safe control of pressure differences<\\\/li>\\n\n\n<li>reliable conveying due to integrated VENTURI nozzle<\\\/li>\\n\n\n<li>AGS in dead space free design<\\\/li>\\n\n\n<li>for different flange diameters<\\\/li>\\n\n\n<li>with flange connection or welding ends<\\\/li>\\n<\\\/ul>\",\"image\":\"wp-content\\\/uploads\\\/2024\\\/02\\\/zubehoer-aufgabeschuh-totraumfrei.png\",\"meta\":\"\",\"title\":\"Aufgabeschuh, totraumfrei\",\"title_en_us\":\"Dropout Box, free of dead space\"}},{\"type\":\"grid_item\",\"props\":{\"content\":\"\n\n<ul>\\n\n\n<li>sichere Kammerf\\u00fcllung durch Leckluftabf\\u00fchrung<\\\/li>\\n\n\n<li>Ausgleich von Druckdifferenzen<\\\/li>\\n\n\n<li>optimierte Kammerf\\u00fcllung durch integrierten Vorabstreifer<\\\/li>\\n<\\\/ul>\",\"content_en_us\":\"\n\n<ul>\\n\n\n<li>Safe chamber filling due to air leakage<\\\/li>\\n\n\n<li>Compensation of pressure differences<\\\/li>\\n\n\n<li>Optimized chamber filling due to integrated pre-stripper<\\\/li>\\n<\\\/ul>\",\"image\":\"wp-content\\\/uploads\\\/2024\\\/02\\\/zubehoer-leckluftstutzen.png\",\"meta\":\"\",\"title\":\"Leckluftstutzen\",\"title_en_us\":\"Air Vent Box\"}},{\"type\":\"grid_item\",\"props\":{\"content\":\"\n\n<ul>\\n\n\n<li>schonende Behandlung des F\\u00f6rdermediums<\\\/li>\\n\n\n<li>verbesserte Kammerf\\u00fcllung<\\\/li>\\n\n\n<li>st\\u00f6rungsfreier Betrieb der Zellenradschleuse<\\\/li>\\n\n\n<li>Varianten in runder oder eckiger Ausf\\u00fchrung<\\\/li>\\n\n\n<li>f\\u00fcr unterschiedliche Flanschdurchmesser<\\\/li>\\n\n\n<li>Vorabstreifer mit Vulkollandichtlippe erh\\u00e4ltlich<\\\/li>\\n<\\\/ul>\",\"content_en_us\":\"\n\n<ul>\\n\n\n<li>gentle treatment of the pumped medium<\\\/li>\\n\n\n<li>improved chamber filling<\\\/li>\\n\n\n<li>trouble-free operation of the rotary valve<\\\/li>\\n\n\n<li>Variants in round or square design<\\\/li>\\n\n\n<li>for different flange diameters<\\\/li>\\n\n\n<li>Pre-wiper with Vulkollan sealing lip available<\\\/li>\\n<\\\/ul>\",\"image\":\"wp-content\\\/uploads\\\/2024\\\/02\\\/zubehoer-vorabstreifer-vas.png\",\"meta\":\"\",\"title\":\"Vorabstreifer VAS\",\"title_en_us\":\"Inlet Restrictor\"}},{\"type\":\"grid_item\",\"props\":{\"content\":\"\n\n<ul>\\n\n\n<li>Kontrolleinheit zur \\u00dcberwachung des F\\u00f6rderstroms<\\\/li>\\n\n\n<li>Stabiles Schauglas aus Plexiglas<\\\/li>\\n\n\n<li>Lebensmittelkonforme Ausf\\u00fchrung<\\\/li>\\n\n\n<li>Hohe Oberfl\\u00e4chenh\\u00e4rte<\\\/li>\\n\n\n<li>Erh\\u00f6hte Schlagfestigkeit<\\\/li>\\n<\\\/ul>\",\"content_en_us\":\"\n\n<ul>\\n\n\n<li>Control unit for monitoring the flow rate<\\\/li>\\n\n\n<li>Stable sight glass made of plexiglass<\\\/li>\\n\n\n<li>Food grade design<\\\/li>\\n\n\n<li>High surface hardness<\\\/li>\\n\n\n<li>Increased impact resistance<\\\/li>\\n<\\\/ul>\",\"image\":\"wp-content\\\/uploads\\\/2024\\\/02\\\/zubehoer-schauglaseinheit.png\",\"meta\":\"\",\"title\":\"Schauglaseinheit\",\"title_en_us\":\"Flow Control Unit\"}},{\"type\":\"grid_item\",\"props\":{\"content\":\"\n\n<ul>\\n\n\n<li>4 Fl\\u00fcgel \\u00fcber Gewindebohrung mit Welle verschraubt<\\\/li>\\n\n\n<li>Kontrolleinheit zur \\u00dcberwachung der Funktion<\\\/li>\\n\n\n<li>Messung der Drehrichtung<\\\/li>\\n\n\n<li>Anschlussm\\u00f6glichkeit f\\u00fcr verschiedene Sensoren<\\\/li>\\n<\\\/ul>\",\"content_en_us\":\"\n\n<ul>\\n\n\n<li>4 blades screwed to shaft via threaded hole<\\\/li>\\n\n\n<li>Control unit for monitoring the function<\\\/li>\\n\n\n<li>Measurement of the direction of rotation<\\\/li>\\n\n\n<li>Connection possibility for different sensors<\\\/li>\\n<\\\/ul>\",\"image\":\"wp-content\\\/uploads\\\/2024\\\/02\\\/zubehoer-drehzahlwaechter.png\",\"meta\":\"\",\"title\":\"Drehzahlw\\u00e4chter\",\"title_en_us\":\"Rotation speed monitor\"}},{\"type\":\"grid_item\",\"props\":{\"content\":\"\n\n<ul>\\n\n\n<li>Lagerdeckel mit Stopfbuchspackung<\\\/li>\\n\n\n<li>Stopfbuchspackung nachstellbar<\\\/li>\\n\n\n<li>mit Sperr- oder Sp\\u00fclgasanschluss<\\\/li>\\n\n\n<li>FDA geeignete Packungsringe<\\\/li>\\n\n\n<li>Reingraphitpackungen f\\u00fcr Hochtemperaturanwendungen<\\\/li>\\n<\\\/ul>\",\"content_en_us\":\"\n\n<ul>\\n\n\n<li>Bearing cover with stuffing box packing<\\\/li>\\n\n\n<li>Stuffing box pack adjustable<\\\/li>\\n\n\n<li>with seal or purge gas connection<\\\/li>\\n\n\n<li>DA suitable packing rings<\\\/li>\\n\n\n<li>Pure graphite packing for high temperature applications<\\\/li>\\n<\\\/ul>\",\"image\":\"wp-content\\\/uploads\\\/2024\\\/02\\\/zubehoer-stopfbuchspackung.png\",\"meta\":\"\",\"title\":\"Stopfbuchspackung\",\"title_en_us\":\"Stuffing Box Unit\"}}]}]}]}]}],\"version\":\"4.5.0\",\"yooessentialsVersion\":\"2.3.0-beta.22\"} --><\/p>\n","protected":false},"excerpt":{"rendered":"<p>Aufgabeschuhe, Leckluftstutzen, Vorabstreifer Zubeh\u00f6r f\u00fcr Zellenradschleusen Zellenradschleusen ben\u00f6tigen je nach Eigenschaft des F\u00f6rdermediums und der Art der F\u00f6rderung unterschiedliches Zubeh\u00f6r. Die Neue J\u00c4GER stellt f\u00fcr verschiedene Anwendungsf\u00e4lle unterschiedliche Aufgabeschuhe, Leckluftsutzen, Vorabstreifer, Schaugl\u00e4ser, Drehzahlw\u00e4chter, Sperrgaseinheiten und anderes, f\u00fcr den sicheren Betrieb ihrer Zellenradschleusen und Anlagen geeignetes Zubeh\u00f6r zur Verf\u00fcgung. Jetzt Zubeh\u00f6r anfragen Aufgabeschuh Werkstoff Stahl oder [&hellip;]<\/p>\n","protected":false},"author":1,"featured_media":0,"parent":0,"menu_order":0,"comment_status":"closed","ping_status":"closed","template":"","meta":{"_acf_changed":false,"footnotes":""},"class_list":["post-425","page","type-page","status-publish","hentry"],"acf":[],"yoast_head":"<!-- This site is optimized with the Yoast SEO plugin v26.8 - https:\/\/yoast.com\/product\/yoast-seo-wordpress\/ -->\n<title>Rotary Valve Accessories | Neue J\u00e4ger Components<\/title>\n<meta name=\"description\" content=\"Improve your rotary valves&#039; performance with our high-quality accessories. Explore options that increase durability and efficiency!\" \/>\n<meta name=\"robots\" content=\"index, follow, max-snippet:-1, max-image-preview:large, max-video-preview:-1\" \/>\n<script type=\"application\/ld+json\" class=\"yoast-schema-graph\">{\"@context\":\"https:\/\/schema.org\",\"@graph\":[{\"@type\":\"WebPage\",\"@id\":\"https:\/\/www.neue-jaeger.de\/en\/accessories\/\",\"url\":\"https:\/\/www.neue-jaeger.de\/en\/accessories\/\",\"name\":\"Zellenradschleusen Zubeh\u00f6r | Neue J\u00e4ger\",\"isPartOf\":{\"@id\":\"https:\/\/www.neue-jaeger.de\/#website\"},\"datePublished\":\"2024-01-05T21:31:55+00:00\",\"dateModified\":\"2025-06-23T21:29:49+00:00\",\"description\":\"Erweitern Sie die Funktionalit\u00e4t Ihrer Zellenradschleusen mit unserem hochwertigen Zubeh\u00f6r. Entdecken Sie unser vielf\u00e4ltiges Angebot jetzt!\",\"breadcrumb\":{\"@id\":\"https:\/\/www.neue-jaeger.de\/en\/accessories\/#breadcrumb\"},\"inLanguage\":\"en-US\",\"potentialAction\":[{\"@type\":\"ReadAction\",\"target\":[\"https:\/\/www.neue-jaeger.de\/en\/accessories\/\"]}]},{\"@type\":\"BreadcrumbList\",\"@id\":\"https:\/\/www.neue-jaeger.de\/en\/accessories\/#breadcrumb\",\"itemListElement\":[{\"@type\":\"ListItem\",\"position\":1,\"name\":\"Home\",\"item\":\"https:\/\/www.neue-jaeger.de\/\"},{\"@type\":\"ListItem\",\"position\":2,\"name\":\"Accessories\"}]},{\"@type\":\"WebSite\",\"@id\":\"https:\/\/www.neue-jaeger.de\/en\/#website\",\"url\":\"https:\/\/www.neue-jaeger.de\/en\/\",\"name\":\"Neue J\u00c4GER Maschinenbau\",\"description\":\"Rotary Valves and More\",\"alternateName\":\"Neue J\u00c4GER\",\"potentialAction\":[{\"@type\":\"SearchAction\",\"target\":{\"@type\":\"EntryPoint\",\"urlTemplate\":\"https:\/\/www.neue-jaeger.de\/en\/?s={search_term_string}\"},\"query-input\":{\"@type\":\"PropertyValueSpecification\",\"valueRequired\":true,\"valueName\":\"search_term_string\"}}],\"inLanguage\":\"en-US\"}]}<\/script>\n<!-- \/ Yoast SEO plugin. -->","yoast_head_json":{"title":"Rotary Valve Accessories | Neue J\u00e4ger Components","description":"Improve your rotary valves' performance with our high-quality accessories. Explore options that increase durability and efficiency!","robots":{"index":"index","follow":"follow","max-snippet":"max-snippet:-1","max-image-preview":"max-image-preview:large","max-video-preview":"max-video-preview:-1"},"schema":{"@context":"https:\/\/schema.org","@graph":[{"@type":"WebPage","@id":"https:\/\/www.neue-jaeger.de\/en\/accessories\/","url":"https:\/\/www.neue-jaeger.de\/en\/accessories\/","name":"Zellenradschleusen Zubeh\u00f6r | Neue J\u00e4ger","isPartOf":{"@id":"https:\/\/www.neue-jaeger.de\/#website"},"datePublished":"2024-01-05T21:31:55+00:00","dateModified":"2025-06-23T21:29:49+00:00","description":"Erweitern Sie die Funktionalit\u00e4t Ihrer Zellenradschleusen mit unserem hochwertigen Zubeh\u00f6r. Entdecken Sie unser vielf\u00e4ltiges Angebot jetzt!","breadcrumb":{"@id":"https:\/\/www.neue-jaeger.de\/en\/accessories\/#breadcrumb"},"inLanguage":"en-US","potentialAction":[{"@type":"ReadAction","target":["https:\/\/www.neue-jaeger.de\/en\/accessories\/"]}]},{"@type":"BreadcrumbList","@id":"https:\/\/www.neue-jaeger.de\/en\/accessories\/#breadcrumb","itemListElement":[{"@type":"ListItem","position":1,"name":"Home","item":"https:\/\/www.neue-jaeger.de\/"},{"@type":"ListItem","position":2,"name":"Accessories"}]},{"@type":"WebSite","@id":"https:\/\/www.neue-jaeger.de\/en\/#website","url":"https:\/\/www.neue-jaeger.de\/en\/","name":"Neue J\u00c4GER Maschinenbau","description":"Rotary Valves and More","alternateName":"Neue J\u00c4GER","potentialAction":[{"@type":"SearchAction","target":{"@type":"EntryPoint","urlTemplate":"https:\/\/www.neue-jaeger.de\/en\/?s={search_term_string}"},"query-input":{"@type":"PropertyValueSpecification","valueRequired":true,"valueName":"search_term_string"}}],"inLanguage":"en-US"}]}},"jetpack_sharing_enabled":true,"_links":{"self":[{"href":"https:\/\/www.neue-jaeger.de\/en\/wp-json\/wp\/v2\/pages\/425","targetHints":{"allow":["GET"]}}],"collection":[{"href":"https:\/\/www.neue-jaeger.de\/en\/wp-json\/wp\/v2\/pages"}],"about":[{"href":"https:\/\/www.neue-jaeger.de\/en\/wp-json\/wp\/v2\/types\/page"}],"author":[{"embeddable":true,"href":"https:\/\/www.neue-jaeger.de\/en\/wp-json\/wp\/v2\/users\/1"}],"replies":[{"embeddable":true,"href":"https:\/\/www.neue-jaeger.de\/en\/wp-json\/wp\/v2\/comments?post=425"}],"version-history":[{"count":49,"href":"https:\/\/www.neue-jaeger.de\/en\/wp-json\/wp\/v2\/pages\/425\/revisions"}],"predecessor-version":[{"id":1761,"href":"https:\/\/www.neue-jaeger.de\/en\/wp-json\/wp\/v2\/pages\/425\/revisions\/1761"}],"wp:attachment":[{"href":"https:\/\/www.neue-jaeger.de\/en\/wp-json\/wp\/v2\/media?parent=425"}],"curies":[{"name":"wp","href":"https:\/\/api.w.org\/{rel}","templated":true}]}}