{"id":427,"date":"2024-01-05T21:32:29","date_gmt":"2024-01-05T21:32:29","guid":{"rendered":"https:\/\/www.neuejaeger.de\/?page_id=427"},"modified":"2025-03-02T21:21:58","modified_gmt":"2025-03-02T21:21:58","slug":"abriebtester","status":"publish","type":"page","link":"https:\/\/www.neue-jaeger.de\/en\/abrasion-tester\/","title":{"rendered":"Abrasion Tester"},"content":{"rendered":"<div>Quicktest CWZ 302<\/div>\n<h2>F\u00fcr den richtigen Biss!<\/h2>\n<ul>\n<li>\n<p>        <img decoding=\"async\" src=\"\/wp-content\/uploads\/2025\/02\/quicktest-cwz302-description-01.jpg\" alt=\"\"><\/p>\n<\/li>\n<li>\n<p>        <img decoding=\"async\" src=\"\/wp-content\/uploads\/2025\/02\/quicktest-cwz302-description-02.jpg\" alt=\"\"><\/p>\n<\/li>\n<\/ul>\n<h2>Abriebtester CWZ 302<\/h2>\n<div>\n<p>Der Trend zur Verpressung von Mischfuttern nimmt st\u00e4ndig zu. Mit dem QUICKTEST CWZ 302 k\u00f6nnen Sie jetzt innerhalb von nur 10 Sekunden den Abrieb Ihres Pr\u00fcfgutes und somit die Pelleth\u00e4rte bestimmen.<\/p>\n<p>In landwirtschaftlichen Betrieben werden hohe Anforderungen an die Qualit\u00e4t des Pelletfutters gestellt. Bei nicht ausreichender Pelleth\u00e4rte f\u00fchrt der entstehende Abrieb zu Verdichtungen im Silo und unter Umst\u00e4nden zu Erw\u00e4rmungen. Es kann zu Verunreinigungen der F\u00fctterungsanlagen kommen, die Aufnahmeschwierigkeiten bis hin zur Futterverweigerung nach sich ziehen k\u00f6nnen. F\u00fcr die Mischfutterhersteller bedeutet dies h\u00e4ufig hohe Reklamationskosten und letztlich eine geringere Wirtschaftlichkeit ihrer Produktion.<\/p>\n<p>Auch bestimmte Zertifizierungsvorschriften verlangen nach Pr\u00fcfeinrichtungen, die den Abrieb als qualit\u00e4tsminderndes Merkmal einbeziehen. Unser Abriebtester QUICKTEST CWZ 302 liefert in k\u00fcrzester Zeit ein aussagekr\u00e4ftiges Ergebnis.<\/p>\n<p class=\"style1\"><strong>Das Prinzip:<\/strong><\/p>\n<p>Das Pr\u00fcfgut wird abgewogen, in eine Kammer gef\u00fcllt und dann durch einen Rotor mit Wirbelscheibe gezielt mechanisch beansprucht. Durch einen elektronisch gesteuerten Bremsmotor werden die Abriebzeiten sekundengenau gesteuert.<\/p>\n<p>Die vorgew\u00e4hlte Testzeit wird mit dem Einschaltknopf ausgel\u00f6st. Nach Ablauf der Testzeit \u2013 in der Regel 10 Sekunden \u2013 schaltet der Motor automatisch ab. Durch das \u00d6ffnen der Auslaufklappe f\u00e4llt das beanspruchte Pr\u00fcfgut in einen Siebbeh\u00e4lter. Mittels automatisch arbeitendem Pr\u00fcfsieb wird der Abrieb vom Pr\u00fcfgut getrennt und dieses gewogen. Die Differenz zwischen Eingangs- und Ausgangsgewicht entspricht dem Abriebwert.<\/p>\n<p class=\"style1\"><strong>Messwerte:<\/strong><\/p>\n<p>500 Gramm Pr\u00fcfgut sollten mit einer Laufzeit von 10 Sekunden getestet werden. Als Grundmuster f\u00fcr die Mischfutterqualit\u00e4t k\u00f6nnen folgenden Aussagen zu den Abriebwerten angenommen werden:<br \/>&lt; 3% gut<br \/>3-5% ausreichend<br \/>&gt; 5% schlecht<\/p>\n<p>Diese Klassifizierung ist als Richtwert anzusehen, die jeweiligen Normen m\u00fcssen individuell festgelegt werden.<\/p>\n<p>Der QUICKTEST CWZ 302 erzielt repr\u00e4sentative Werte, da der Testvorgang die Beanspruchung des Pressfutters durch die Transport- und Dosiervorg\u00e4nge praxisnah simuliert.<\/p>\n<\/div>\n<h3>Technische Daten:<\/h3>\n<ul>\n<li>\n<div>Einf\u00fcllgewicht 500 g bis 1.000 g<\/div>\n<\/li>\n<li>\n<div>Geh\u00e4useausf\u00fchrung Stahlblech<\/div>\n<\/li>\n<li>\n<div>Oberfl\u00e4che pulverbeschichtet<\/div>\n<\/li>\n<li>\n<div>Rotor mit Wirbelscheibe<\/div>\n<\/li>\n<li>\n<div>Abmessungen LBH 550 x 450 x 805 mm<\/div>\n<\/li>\n<li>\n<div>Gewicht 64 kg<\/div>\n<\/li>\n<li>\n<div>Antriebsmotor 0,37 KW 230\/400 V 50 Hz<\/div>\n<\/li>\n<li>\n<div>Vibrationsmotor 230 V 50 Hz ATEX Zone 22<\/div>\n<\/li>\n<li>\n<div>Mit Analysesiebrahmen aus Buchenholz<\/div>\n<\/li>\n<li>\n<div>Maschenweite wahlweise 1,4 \/ 2,8 \/ 4,0 mm<\/div>\n<\/li>\n<li>\n<div>Auffangbeh\u00e4lter aus Kunststoff<\/div>\n<\/li>\n<\/ul>\n<p><!--more--><br \/>\n<!-- {\"type\":\"layout\",\"children\":[{\"type\":\"section\",\"props\":{\"height\":\"viewport\",\"height_offset_top\":true,\"height_viewport\":90,\"image\":\"wp-content\\\/uploads\\\/2025\\\/01\\\/quicktest-cwz302-hero-01.jpg\",\"image_loading\":true,\"image_position\":\"center-center\",\"image_size\":\"cover\",\"image_width\":2560,\"media_overlay\":\"rgba(0, 0, 0, 0.36)\",\"media_overlay_gradient\":\"\\\/*linear-gradient(180deg, rgba(0,0,0,0.35) 0%, rgba(0,0,0,0.35) 50%, rgba(255,255,255,1) 100%);*\\\/\",\"overlap\":false,\"padding\":\"large\",\"style\":\"default\",\"text_color\":\"light\",\"title_breakpoint\":\"xl\",\"title_position\":\"top-left\",\"title_rotation\":\"left\",\"vertical_align\":\"bottom\",\"width\":\"default\"},\"children\":[{\"type\":\"row\",\"children\":[{\"type\":\"column\",\"props\":{\"image_position\":\"center-center\",\"position_sticky_breakpoint\":\"m\"},\"children\":[{\"type\":\"headline\",\"props\":{\"content\":\"Quicktest CWZ 302\",\"title_element\":\"div\",\"title_style\":\"h5\"}},{\"type\":\"headline\",\"props\":{\"animation\":\"parallax\",\"margin_remove_top\":true,\"text_align\":\"left\",\"title_element\":\"h1\",\"title_font_family\":\"primary\",\"title_style\":\"heading-small\"},\"source\":{\"query\":{\"name\":\"pages.singlePage\"},\"props\":{\"content\":{\"filters\":{\"search\":\"\"},\"name\":\"title\"}}}},{\"type\":\"headline\",\"props\":{\"content\":\"F\\u00fcr den richtigen Biss!\",\"content_en_us\":\"Our abrasion tester for the right bite!\",\"margin\":\"remove-vertical\",\"text_align\":\"left\",\"title_element\":\"h2\",\"title_font_family\":\"primary\",\"title_style\":\"h2\"}}]}]}],\"name\":\"Hero Section - Pages\"},{\"type\":\"section\",\"props\":{\"image_position\":\"center-center\",\"padding\":\"xsmall\",\"style\":\"default\",\"title_breakpoint\":\"xl\",\"title_position\":\"top-left\",\"title_rotation\":\"left\",\"vertical_align\":\"\",\"width\":\"default\"},\"children\":[{\"type\":\"row\",\"children\":[{\"type\":\"column\",\"props\":{\"image_position\":\"center-center\",\"position_sticky_breakpoint\":\"m\"},\"children\":[{\"type\":\"module\",\"props\":{\"menu_image_align\":\"center\",\"menu_image_margin\":true,\"menu_style\":\"default\",\"menu_type\":\"nav\",\"type\":\"builderwidget\",\"widget\":\"builderwidget-5\"}}]}]}],\"name\":\"Breadcrumbs\"},{\"type\":\"section\",\"props\":{\"image_position\":\"center-center\",\"padding\":\"small\",\"padding_remove_top\":false,\"style\":\"default\",\"title_breakpoint\":\"xl\",\"title_position\":\"top-left\",\"title_rotation\":\"left\",\"vertical_align\":\"\",\"width\":\"default\"},\"children\":[{\"type\":\"row\",\"children\":[{\"type\":\"column\",\"props\":{\"image_position\":\"center-center\",\"order_first\":\"m\",\"position_sticky_breakpoint\":\"m\",\"width_medium\":\"2-5\"},\"children\":[{\"type\":\"grid\",\"props\":{\"content_column_breakpoint\":\"m\",\"filter_align\":\"left\",\"filter_all\":true,\"filter_grid_breakpoint\":\"m\",\"filter_grid_width\":\"auto\",\"filter_position\":\"top\",\"filter_style\":\"tab\",\"grid_column_gap\":\"medium\",\"grid_default\":\"1\",\"grid_medium\":\"1\",\"grid_row_gap\":\"medium\",\"grid_small\":\"2\",\"icon_width\":80,\"image_align\":\"top\",\"image_grid_breakpoint\":\"m\",\"image_grid_width\":\"1-2\",\"image_svg_color\":\"emphasis\",\"image_width\":1220,\"item_animation\":true,\"lightbox_bg_close\":true,\"link_style\":\"default\",\"link_text\":\"Read more\",\"margin\":\"default\",\"meta_align\":\"below-title\",\"meta_element\":\"div\",\"meta_style\":\"text-meta\",\"show_content\":true,\"show_hover_image\":true,\"show_hover_video\":true,\"show_image\":true,\"show_link\":true,\"show_meta\":true,\"show_title\":true,\"show_video\":true,\"title_align\":\"top\",\"title_element\":\"h3\",\"title_grid_breakpoint\":\"m\",\"title_grid_width\":\"1-2\",\"title_hover_style\":\"reset\"},\"children\":[{\"type\":\"grid_item\",\"props\":{\"image\":\"wp-content\\\/uploads\\\/2025\\\/02\\\/quicktest-cwz302-description-01.jpg\"}},{\"type\":\"grid_item\",\"props\":{\"image\":\"wp-content\\\/uploads\\\/2025\\\/02\\\/quicktest-cwz302-description-02.jpg\"}}]}]},{\"type\":\"column\",\"props\":{\"image_position\":\"center-center\",\"order_first\":\"xs\",\"position_sticky_breakpoint\":\"m\",\"vertical_align\":\"middle\",\"width_medium\":\"3-5\"},\"children\":[{\"type\":\"headline\",\"props\":{\"content\":\"Abriebtester CWZ 302\",\"content_en_us\":\"Abraison Tester Quicktest CWZ 302\",\"title_element\":\"h2\",\"title_style\":\"h2\"}},{\"type\":\"text\",\"props\":{\"column_breakpoint\":\"m\",\"content\":\"\n\n<p>Der Trend zur Verpressung von Mischfuttern nimmt st\\u00e4ndig zu. Mit dem QUICKTEST CWZ 302 k\\u00f6nnen Sie jetzt innerhalb von nur 10 Sekunden den Abrieb Ihres Pr\\u00fcfgutes und somit die Pelleth\\u00e4rte bestimmen.<\\\/p>\\n\n\n<p>In landwirtschaftlichen Betrieben werden hohe Anforderungen an die Qualit\\u00e4t des Pelletfutters gestellt. Bei nicht ausreichender Pelleth\\u00e4rte f\\u00fchrt der entstehende Abrieb zu Verdichtungen im Silo und unter Umst\\u00e4nden zu Erw\\u00e4rmungen. Es kann zu Verunreinigungen der F\\u00fctterungsanlagen kommen, die Aufnahmeschwierigkeiten bis hin zur Futterverweigerung nach sich ziehen k\\u00f6nnen. F\\u00fcr die Mischfutterhersteller bedeutet dies h\\u00e4ufig hohe Reklamationskosten und letztlich eine geringere Wirtschaftlichkeit ihrer Produktion.<\\\/p>\\n\n\n<p>Auch bestimmte Zertifizierungsvorschriften verlangen nach Pr\\u00fcfeinrichtungen, die den Abrieb als qualit\\u00e4tsminderndes Merkmal einbeziehen. Unser Abriebtester QUICKTEST CWZ 302 liefert in k\\u00fcrzester Zeit ein aussagekr\\u00e4ftiges Ergebnis.<\\\/p>\\n\n\n<p class=\\\"style1\\\"><strong>Das Prinzip:<\\\/strong><\\\/p>\\n\n\n<p>Das Pr\\u00fcfgut wird abgewogen, in eine Kammer gef\\u00fcllt und dann durch einen Rotor mit Wirbelscheibe gezielt mechanisch beansprucht. Durch einen elektronisch gesteuerten Bremsmotor werden die Abriebzeiten sekundengenau gesteuert.<br \\\/><br \\\/>Die vorgew\\u00e4hlte Testzeit wird mit dem Einschaltknopf ausgel\\u00f6st. Nach Ablauf der Testzeit \\u2013 in der Regel 10 Sekunden \\u2013 schaltet der Motor automatisch ab. Durch das \\u00d6ffnen der Auslaufklappe f\\u00e4llt das beanspruchte Pr\\u00fcfgut in einen Siebbeh\\u00e4lter. Mittels automatisch arbeitendem Pr\\u00fcfsieb wird der Abrieb vom Pr\\u00fcfgut getrennt und dieses gewogen. Die Differenz zwischen Eingangs- und Ausgangsgewicht entspricht dem Abriebwert.<\\\/p>\\n\n\n<p class=\\\"style1\\\"><strong>Messwerte:<\\\/strong><\\\/p>\\n\n\n<p>500 Gramm Pr\\u00fcfgut sollten mit einer Laufzeit von 10 Sekunden getestet werden. Als Grundmuster f\\u00fcr die Mischfutterqualit\\u00e4t k\\u00f6nnen folgenden Aussagen zu den Abriebwerten angenommen werden:<br \\\/>&lt; 3% gut<br \\\/>3-5% ausreichend<br \\\/>&gt; 5% schlecht<\\\/p>\\n\n\n<p>Diese Klassifizierung ist als Richtwert anzusehen, die jeweiligen Normen m\\u00fcssen individuell festgelegt werden.<\\\/p>\\n\n\n<p>Der QUICKTEST CWZ 302 erzielt repr\\u00e4sentative Werte, da der Testvorgang die Beanspruchung des Pressfutters durch die Transport- und Dosiervorg\\u00e4nge praxisnah simuliert.<\\\/p>\",\"content_en_us\":\"\n\n<p>The trend towards compacting mixed feeds continues to grow. The QUICKTEST CWZ 302 helps you to test your specimen's abrasion within just 10 seconds, thus determining the pellet hardness.<\\\/p>\\n\n\n<p>In agricultural operations, the quality requirements for pellet feeds are tough. If the pellets are not sufficiently hard, the abrasion that occurs causes clogging in the silo and potentially also heating. Contamination of the feed systems can occur that can lead to acceptance difficulties and even refusals of the feed. For mixed feed manufacturers, this often means expensive complaints, which ultimately affect cost-effectiveness in production.<\\\/p>\\n\n\n<p>Some certification regulations also require test equipment, which includes abrasion as a quality-impacting property. Our QUICKTEST CWZ 302 abrasion tester gives you meaningful results within the shortest possible time.<\\\/p>\\n\n\n<p><b>The principle:<\\\/b><br \/>The specimen is weighed, filled into a chamber and exposed to mechanical load in a targeted way by means a rotor with a crank disk. An electronically controlled brake motor controls the abrasion times with to-a-second precision.<\\\/p>\\n\n\n<p>The preselected test time is triggered with the ON-button. The motor switches off automatically after the test time has elapsed \\u2013 typically after 10 seconds. Opening the discharge flap causes the test material to fall into a screen container. The automated test screen separates the abrasion from the specimen and weighs the specimen. The difference between the intake and output weight is equivalent to the abrasion value.<\\\/p>\\n\n\n<p><b>Measured values:<\\\/b><br \/>The objective was to test 500 grams of the specimen for a running time of 10 seconds. As a basic template for the mixed feed quality, the following statements on the abrasion values can be assumed:<br \\\/>&lt; 3% good<br \\\/>3-5% adequate<br \\\/>&gt; 5% poor<\\\/p>\\n\n\n<p>This classification can be viewed as a guide value; the respective standards need to be defined individually. The QUICKTEST CWZ 302 achieves representative values as the test operation simulates the exposure of the compressed feed through transport and dosing actions.<\\\/p>\",\"dropcap\":false,\"margin\":\"default\"}},{\"type\":\"fragment\",\"props\":{\"margin\":\"large\"},\"children\":[{\"type\":\"row\",\"children\":[{\"type\":\"column\",\"props\":{\"image_position\":\"center-center\",\"position_sticky_breakpoint\":\"m\",\"style\":\"card-default\"},\"children\":[{\"type\":\"headline\",\"props\":{\"content\":\"Technische Daten:\",\"content_en_us\":\"<span>Technical data:<\\\/span>\",\"title_element\":\"h3\",\"title_style\":\"h3\"}},{\"type\":\"list\",\"props\":{\"column_breakpoint\":\"m\",\"image_align\":\"left\",\"image_svg_color\":\"emphasis\",\"image_vertical_align\":true,\"list_element\":\"ul\",\"list_horizontal_separator\":\", \",\"list_marker\":\"disc\",\"list_type\":\"vertical\",\"show_image\":true,\"show_link\":true},\"children\":[{\"type\":\"list_item\",\"props\":{\"content\":\"Einf\\u00fcllgewicht 500 g bis 1.000 g\",\"content_en_us\":\"Fill weight 500 g to 1,000 g\"}},{\"type\":\"list_item\",\"props\":{\"content\":\"Geh\\u00e4useausf\\u00fchrung Stahlblech\",\"content_en_us\":\"Housing type sheet steel\"}},{\"type\":\"list_item\",\"props\":{\"content\":\"Oberfl\\u00e4che pulverbeschichtet\",\"content_en_us\":\"Powder coated surface\"}},{\"type\":\"list_item\",\"props\":{\"content\":\"Rotor mit Wirbelscheibe\",\"content_en_us\":\"Rotor with crank disk\"}},{\"type\":\"list_item\",\"props\":{\"content\":\"Abmessungen LBH 550 x 450 x 805 mm\",\"content_en_us\":\"Dimensions LWH 550 x 450 x 805 mm\"}},{\"type\":\"list_item\",\"props\":{\"content\":\"Gewicht 64 kg\",\"content_en_us\":\"Weight 64 kg\"}},{\"type\":\"list_item\",\"props\":{\"content\":\"Antriebsmotor 0,37 KW 230\\\/400 V 50 Hz\",\"content_en_us\":\"Drive motor 0.37 KW 230\\\/400 V 50 Hz\"}},{\"type\":\"list_item\",\"props\":{\"content\":\"Vibrationsmotor 230 V 50 Hz ATEX Zone 22\",\"content_en_us\":\"Vibration motor 230 V 50 Hz ATEX Zone 22\"}},{\"type\":\"list_item\",\"props\":{\"content\":\"Mit Analysesiebrahmen aus Buchenholz\",\"content_en_us\":\"With beech wood analysis screen frame\"}},{\"type\":\"list_item\",\"props\":{\"content\":\"Maschenweite wahlweise 1,4 \\\/ 2,8 \\\/ 4,0 mm\",\"content_en_us\":\"Mesh width options 1.4 \\\/ 2.8 \\\/ 4.0 mm\"}},{\"type\":\"list_item\",\"props\":{\"content\":\"Auffangbeh\\u00e4lter aus Kunststoff\",\"content_en_us\":\"Plastic collecting container\"}}]}]}]}]}]}],\"props\":{\"layout\":\"1-2,1-2\",\"parallax\":false,\"parallax_end\":\"50vh\",\"parallax_start\":\"50vh\"}}],\"name\":\"Seite Parallax Columns\"}],\"version\":\"4.5.0\",\"yooessentialsVersion\":\"2.3.0-beta.22\"} --><\/p>\n","protected":false},"excerpt":{"rendered":"<p>Quicktest CWZ 302 F\u00fcr den richtigen Biss! Abriebtester CWZ 302 Der Trend zur Verpressung von Mischfuttern nimmt st\u00e4ndig zu. Mit dem QUICKTEST CWZ 302 k\u00f6nnen Sie jetzt innerhalb von nur 10 Sekunden den Abrieb Ihres Pr\u00fcfgutes und somit die Pelleth\u00e4rte bestimmen. In landwirtschaftlichen Betrieben werden hohe Anforderungen an die Qualit\u00e4t des Pelletfutters gestellt. Bei nicht [&hellip;]<\/p>\n","protected":false},"author":1,"featured_media":0,"parent":0,"menu_order":0,"comment_status":"closed","ping_status":"closed","template":"","meta":{"_acf_changed":false,"footnotes":""},"class_list":["post-427","page","type-page","status-publish","hentry"],"acf":[],"yoast_head":"<!-- This site is optimized with the Yoast SEO plugin v26.8 - https:\/\/yoast.com\/product\/yoast-seo-wordpress\/ -->\n<title>Abrasion Testers | Evaluate Bulk Material Wear<\/title>\n<meta name=\"description\" content=\"The QUICKTEST CWZ 302 abrasion tester from Neue J\u00e4ger quickly measures the hardness of pellets for quality control in animal feed production.\" \/>\n<meta name=\"robots\" content=\"index, follow, max-snippet:-1, max-image-preview:large, max-video-preview:-1\" \/>\n<script type=\"application\/ld+json\" class=\"yoast-schema-graph\">{\"@context\":\"https:\/\/schema.org\",\"@graph\":[{\"@type\":\"WebPage\",\"@id\":\"https:\/\/www.neue-jaeger.de\/en\/abrasion-tester\/\",\"url\":\"https:\/\/www.neue-jaeger.de\/en\/abrasion-tester\/\",\"name\":\"Abriebtester | Neue J\u00c4GER Maschinenbau\",\"isPartOf\":{\"@id\":\"https:\/\/www.neue-jaeger.de\/#website\"},\"datePublished\":\"2024-01-05T21:32:29+00:00\",\"dateModified\":\"2025-03-02T21:21:58+00:00\",\"description\":\"Der Abriebtester QUICKTEST CWZ 302 von Neue J\u00e4ger misst schnell die H\u00e4rte von Pellets f\u00fcr die Qualit\u00e4tskontrolle in der Futtermittelproduktion.\",\"breadcrumb\":{\"@id\":\"https:\/\/www.neue-jaeger.de\/en\/abrasion-tester\/#breadcrumb\"},\"inLanguage\":\"en-US\",\"potentialAction\":[{\"@type\":\"ReadAction\",\"target\":[\"https:\/\/www.neue-jaeger.de\/en\/abrasion-tester\/\"]}]},{\"@type\":\"BreadcrumbList\",\"@id\":\"https:\/\/www.neue-jaeger.de\/en\/abrasion-tester\/#breadcrumb\",\"itemListElement\":[{\"@type\":\"ListItem\",\"position\":1,\"name\":\"Home\",\"item\":\"https:\/\/www.neue-jaeger.de\/\"},{\"@type\":\"ListItem\",\"position\":2,\"name\":\"Abrasion Tester\"}]},{\"@type\":\"WebSite\",\"@id\":\"https:\/\/www.neue-jaeger.de\/en\/#website\",\"url\":\"https:\/\/www.neue-jaeger.de\/en\/\",\"name\":\"Neue J\u00c4GER Maschinenbau\",\"description\":\"Rotary Valves and More\",\"alternateName\":\"Neue J\u00c4GER\",\"potentialAction\":[{\"@type\":\"SearchAction\",\"target\":{\"@type\":\"EntryPoint\",\"urlTemplate\":\"https:\/\/www.neue-jaeger.de\/en\/?s={search_term_string}\"},\"query-input\":{\"@type\":\"PropertyValueSpecification\",\"valueRequired\":true,\"valueName\":\"search_term_string\"}}],\"inLanguage\":\"en-US\"}]}<\/script>\n<!-- \/ Yoast SEO plugin. -->","yoast_head_json":{"title":"Abrasion Testers | Evaluate Bulk Material Wear","description":"The QUICKTEST CWZ 302 abrasion tester from Neue J\u00e4ger quickly measures the hardness of pellets for quality control in animal feed production.","robots":{"index":"index","follow":"follow","max-snippet":"max-snippet:-1","max-image-preview":"max-image-preview:large","max-video-preview":"max-video-preview:-1"},"schema":{"@context":"https:\/\/schema.org","@graph":[{"@type":"WebPage","@id":"https:\/\/www.neue-jaeger.de\/en\/abrasion-tester\/","url":"https:\/\/www.neue-jaeger.de\/en\/abrasion-tester\/","name":"Abriebtester | Neue J\u00c4GER Maschinenbau","isPartOf":{"@id":"https:\/\/www.neue-jaeger.de\/#website"},"datePublished":"2024-01-05T21:32:29+00:00","dateModified":"2025-03-02T21:21:58+00:00","description":"Der Abriebtester QUICKTEST CWZ 302 von Neue J\u00e4ger misst schnell die H\u00e4rte von Pellets f\u00fcr die Qualit\u00e4tskontrolle in der Futtermittelproduktion.","breadcrumb":{"@id":"https:\/\/www.neue-jaeger.de\/en\/abrasion-tester\/#breadcrumb"},"inLanguage":"en-US","potentialAction":[{"@type":"ReadAction","target":["https:\/\/www.neue-jaeger.de\/en\/abrasion-tester\/"]}]},{"@type":"BreadcrumbList","@id":"https:\/\/www.neue-jaeger.de\/en\/abrasion-tester\/#breadcrumb","itemListElement":[{"@type":"ListItem","position":1,"name":"Home","item":"https:\/\/www.neue-jaeger.de\/"},{"@type":"ListItem","position":2,"name":"Abrasion Tester"}]},{"@type":"WebSite","@id":"https:\/\/www.neue-jaeger.de\/en\/#website","url":"https:\/\/www.neue-jaeger.de\/en\/","name":"Neue J\u00c4GER Maschinenbau","description":"Rotary Valves and More","alternateName":"Neue J\u00c4GER","potentialAction":[{"@type":"SearchAction","target":{"@type":"EntryPoint","urlTemplate":"https:\/\/www.neue-jaeger.de\/en\/?s={search_term_string}"},"query-input":{"@type":"PropertyValueSpecification","valueRequired":true,"valueName":"search_term_string"}}],"inLanguage":"en-US"}]}},"jetpack_sharing_enabled":true,"_links":{"self":[{"href":"https:\/\/www.neue-jaeger.de\/en\/wp-json\/wp\/v2\/pages\/427","targetHints":{"allow":["GET"]}}],"collection":[{"href":"https:\/\/www.neue-jaeger.de\/en\/wp-json\/wp\/v2\/pages"}],"about":[{"href":"https:\/\/www.neue-jaeger.de\/en\/wp-json\/wp\/v2\/types\/page"}],"author":[{"embeddable":true,"href":"https:\/\/www.neue-jaeger.de\/en\/wp-json\/wp\/v2\/users\/1"}],"replies":[{"embeddable":true,"href":"https:\/\/www.neue-jaeger.de\/en\/wp-json\/wp\/v2\/comments?post=427"}],"version-history":[{"count":53,"href":"https:\/\/www.neue-jaeger.de\/en\/wp-json\/wp\/v2\/pages\/427\/revisions"}],"predecessor-version":[{"id":1713,"href":"https:\/\/www.neue-jaeger.de\/en\/wp-json\/wp\/v2\/pages\/427\/revisions\/1713"}],"wp:attachment":[{"href":"https:\/\/www.neue-jaeger.de\/en\/wp-json\/wp\/v2\/media?parent=427"}],"curies":[{"name":"wp","href":"https:\/\/api.w.org\/{rel}","templated":true}]}}