{"id":429,"date":"2024-01-05T21:32:48","date_gmt":"2024-01-05T21:32:48","guid":{"rendered":"https:\/\/www.neuejaeger.de\/?page_id=429"},"modified":"2025-03-02T21:01:36","modified_gmt":"2025-03-02T21:01:36","slug":"maschinenbau","status":"publish","type":"page","link":"https:\/\/www.neue-jaeger.de\/en\/mechanical-engineering\/","title":{"rendered":"Mechanical Engineering"},"content":{"rendered":"<div>Neue J\u00c4GER Maschinenbau<\/div>\n<h2>Zellenradschleusen und Auftragsfertigung<\/h2>\n<ul>\n<li>\n<p>        <img decoding=\"async\" src=\"\/wp-content\/uploads\/2025\/02\/maschinenbau-description-01.jpg\" alt=\"\"><\/p>\n<\/li>\n<li>\n<p>        <img decoding=\"async\" src=\"\/wp-content\/uploads\/2025\/02\/maschinenbau-description-02.jpg\" alt=\"\"><\/p>\n<\/li>\n<\/ul>\n<h2>Kompetenz im Maschinenbau<\/h2>\n<div>\n<p>Wir sind im Maschinenbau zuhause! Unser Maschinenpark erm\u00f6glicht die umfassende Bearbeitung verschiedenster Werkst\u00fccke. Vom ersten bis zum letzten Arbeitsschritt k\u00f6nnen Sie sich auf uns verlassen.<\/p>\n<p>Ob es sich um konventionelles Drehen, CNC-Drehen mit angetriebenen Werkzeugen, konventionelles Fr\u00e4sen oder um CNC-Fr\u00e4sen mit 5-Achsbearbeitung handelt \u2013 mit unserem Maschinenpark finden wir immer die richtige L\u00f6sung. Neben unseren Dreh- und Fr\u00e4sbearbeitungszentren stehen uns eine eigene S\u00e4gerei, eine Schwei\u00dferei und eine eigene Lackieranlage zur Verf\u00fcgung.<\/p>\n<p>F\u00fcr die Qualit\u00e4tssicherung und die \u00dcberwachung der Ma\u00dfhaltigkeit unserer Werkst\u00fccke sorgt eine 3D-Koordinatenmessmaschine. Unser Fertigungsprogramm reicht heute von der Einzel- und Serienfertigung mittlerer Losgr\u00f6\u00dfen bis zum Sondermaschinenbau.<\/p>\n<p>Flexibilit\u00e4t in der Fertigung, kurze Durchlaufzeiten und eine hohe Werkstoff- und Bearbeitungskompetenz machen uns zu einem zuverl\u00e4ssigen Partner.<\/p>\n<p>Die Neue J\u00c4GER ist nach DIN EN ISO 9001:2015 zertifiziert und besitzt ein QM-Managementzertifikat der DEKRA EXAM im Rahmen der Richtlinie RL 2014\/34\/EU.<\/p>\n<\/div>\n<h3>Maschinenpark (Auszug):<\/h3>\n<ul>\n<li>\n<div>MAZAK NEXUS 8800 II Horizontales Bearbeitungszentrum mit 10-fach Palettenmagazin<\/div>\n<\/li>\n<li>\n<div>MAZAK INTEGREX Multi-Funktions-Drehmaschinen mit 5-Achsensteuerung<\/div>\n<\/li>\n<li>\n<div>MAZAK VTC 300 Vertikale 3-Achsen-Bearbeitungszentren<\/div>\n<\/li>\n<li>\n<div>DMG | Max M\u00fcller MD 10 + MD 20 Drehmaschinen<\/div>\n<\/li>\n<li>\n<div>WEILER Pr\u00e4szisions-Drehmaschinen<\/div>\n<\/li>\n<\/ul>\n<p><!--more--><br \/>\n<!-- {\"type\":\"layout\",\"children\":[{\"type\":\"section\",\"props\":{\"height\":\"viewport\",\"height_offset_top\":true,\"height_viewport\":90,\"image\":\"wp-content\\\/uploads\\\/2025\\\/01\\\/maschinenbau-hero-01.jpg\",\"image_loading\":true,\"image_position\":\"center-center\",\"image_size\":\"cover\",\"media_overlay\":\"rgba(0, 0, 0, 0.36)\",\"media_overlay_gradient\":\"\\\/*linear-gradient(180deg, rgba(0,0,0,0.35) 0%, rgba(0,0,0,0.35) 50%, rgba(255,255,255,1) 100%);*\\\/\",\"overlap\":false,\"padding\":\"large\",\"style\":\"default\",\"text_color\":\"light\",\"title_breakpoint\":\"xl\",\"title_position\":\"top-left\",\"title_rotation\":\"left\",\"vertical_align\":\"bottom\",\"width\":\"default\"},\"children\":[{\"type\":\"row\",\"children\":[{\"type\":\"column\",\"props\":{\"image_position\":\"center-center\",\"position_sticky_breakpoint\":\"m\"},\"children\":[{\"type\":\"headline\",\"props\":{\"content\":\"Neue J\\u00c4GER Maschinenbau\",\"title_element\":\"div\",\"title_style\":\"h5\"}},{\"type\":\"headline\",\"props\":{\"animation\":\"parallax\",\"margin_remove_top\":true,\"text_align\":\"left\",\"title_element\":\"h1\",\"title_font_family\":\"primary\",\"title_style\":\"heading-small\"},\"source\":{\"query\":{\"name\":\"pages.singlePage\"},\"props\":{\"content\":{\"filters\":{\"search\":\"\"},\"name\":\"title\"}}}},{\"type\":\"headline\",\"props\":{\"content\":\"Zellenradschleusen und Auftragsfertigung\",\"content_en_us\":\"Rotary Valves and contract manufacturing\",\"margin\":\"remove-vertical\",\"text_align\":\"left\",\"title_element\":\"h2\",\"title_font_family\":\"primary\",\"title_style\":\"h2\"}}]}]}],\"name\":\"Hero Section - Pages\"},{\"type\":\"section\",\"props\":{\"image_position\":\"center-center\",\"padding\":\"xsmall\",\"style\":\"default\",\"title_breakpoint\":\"xl\",\"title_position\":\"top-left\",\"title_rotation\":\"left\",\"vertical_align\":\"\",\"width\":\"default\"},\"children\":[{\"type\":\"row\",\"children\":[{\"type\":\"column\",\"props\":{\"image_position\":\"center-center\",\"position_sticky_breakpoint\":\"m\"},\"children\":[{\"type\":\"module\",\"props\":{\"menu_image_align\":\"center\",\"menu_image_margin\":true,\"menu_style\":\"default\",\"menu_type\":\"nav\",\"type\":\"builderwidget\",\"widget\":\"builderwidget-5\"}}]}]}],\"name\":\"Breadcrumbs\"},{\"type\":\"section\",\"props\":{\"image_position\":\"center-center\",\"padding\":\"small\",\"padding_remove_top\":false,\"style\":\"default\",\"title_breakpoint\":\"xl\",\"title_position\":\"top-left\",\"title_rotation\":\"left\",\"vertical_align\":\"\",\"width\":\"default\"},\"children\":[{\"type\":\"row\",\"children\":[{\"type\":\"column\",\"props\":{\"image_position\":\"center-center\",\"order_first\":\"m\",\"position_sticky_breakpoint\":\"m\",\"width_medium\":\"2-5\"},\"children\":[{\"type\":\"grid\",\"props\":{\"content_column_breakpoint\":\"m\",\"filter_align\":\"left\",\"filter_all\":true,\"filter_grid_breakpoint\":\"m\",\"filter_grid_width\":\"auto\",\"filter_position\":\"top\",\"filter_style\":\"tab\",\"grid_column_gap\":\"medium\",\"grid_default\":\"1\",\"grid_medium\":\"1\",\"grid_row_gap\":\"medium\",\"grid_small\":\"2\",\"icon_width\":80,\"image_align\":\"top\",\"image_grid_breakpoint\":\"m\",\"image_grid_width\":\"1-2\",\"image_svg_color\":\"emphasis\",\"item_animation\":true,\"lightbox_bg_close\":true,\"link_style\":\"default\",\"link_text\":\"Read more\",\"margin\":\"default\",\"meta_align\":\"below-title\",\"meta_element\":\"div\",\"meta_style\":\"text-meta\",\"show_content\":true,\"show_hover_image\":true,\"show_hover_video\":true,\"show_image\":true,\"show_link\":true,\"show_meta\":true,\"show_title\":true,\"show_video\":true,\"title_align\":\"top\",\"title_element\":\"h3\",\"title_grid_breakpoint\":\"m\",\"title_grid_width\":\"1-2\",\"title_hover_style\":\"reset\"},\"children\":[{\"type\":\"grid_item\",\"props\":{\"image\":\"wp-content\\\/uploads\\\/2025\\\/02\\\/maschinenbau-description-01.jpg\"}},{\"type\":\"grid_item\",\"props\":{\"image\":\"wp-content\\\/uploads\\\/2025\\\/02\\\/maschinenbau-description-02.jpg\"}}]}]},{\"type\":\"column\",\"props\":{\"image_position\":\"center-center\",\"order_first\":\"xs\",\"position_sticky_breakpoint\":\"m\",\"vertical_align\":\"middle\",\"width_medium\":\"3-5\"},\"children\":[{\"type\":\"headline\",\"props\":{\"content\":\"Kompetenz im Maschinenbau\",\"content_en_us\":\"Mechanical engineering competence\",\"title_element\":\"h2\",\"title_style\":\"h2\"}},{\"type\":\"text\",\"props\":{\"column_breakpoint\":\"m\",\"content\":\"\n\n<p>Wir sind im Maschinenbau zuhause! Unser Maschinenpark erm\\u00f6glicht die umfassende Bearbeitung verschiedenster Werkst\\u00fccke. Vom ersten bis zum letzten Arbeitsschritt k\\u00f6nnen Sie sich auf uns verlassen.<\\\/p>\\n\n\n<p>Ob es sich um konventionelles Drehen, CNC-Drehen mit angetriebenen Werkzeugen, konventionelles Fr\\u00e4sen oder um CNC-Fr\\u00e4sen mit 5-Achsbearbeitung handelt \\u2013 mit unserem Maschinenpark finden wir immer die richtige L\\u00f6sung. Neben unseren Dreh- und Fr\\u00e4sbearbeitungszentren stehen uns eine eigene S\\u00e4gerei, eine Schwei\\u00dferei und eine eigene Lackieranlage zur Verf\\u00fcgung.<\\\/p>\\n\n\n<p>F\\u00fcr die Qualit\\u00e4tssicherung und die \\u00dcberwachung der Ma\\u00dfhaltigkeit unserer Werkst\\u00fccke sorgt eine 3D-Koordinatenmessmaschine. Unser Fertigungsprogramm reicht heute von der Einzel- und Serienfertigung mittlerer Losgr\\u00f6\\u00dfen bis zum Sondermaschinenbau.<\\\/p>\\n\n\n<p>Flexibilit\\u00e4t in der Fertigung, kurze Durchlaufzeiten und eine hohe Werkstoff- und Bearbeitungskompetenz machen uns zu einem zuverl\\u00e4ssigen Partner.<\\\/p>\\n\n\n<p>Die Neue J\\u00c4GER ist nach DIN EN ISO 9001:2015 zertifiziert und besitzt ein QM-Managementzertifikat der DEKRA EXAM im Rahmen der Richtlinie RL 2014\\\/34\\\/EU.<\\\/p>\",\"content_en_us\":\"\n\n<p>Mechanical engineering is our domain! Our machinery enables a comprehensive machining of various workpieces. You can rely on us, from the first to the last step.<\\\/p>\\n\n\n<p>Be it conventional turning, CNC turning with driven tools, conventional milling or CNC milling with 5-axes machining \\u2013 we will always find the right solution with our machinery. Besides our turning and milling centers, we also have our own sawmill, welding shop and our own paint shop.<\\\/p>\\n\n\n<p>A 3D coordinate measuring system provides for quality assurance and the monitoring of the dimensional accuracy of our workpieces. Today, our production program ranges from single parts and medium-batch series production to special machine construction.<\\\/p>\\n\n\n<p>Flexibility in manufacturing, short lead times and a material and machining expertise make us a reliable partner.<\\\/p>\\n\n\n<p>Neue J\\u00c4GER is DIN EN ISO 9001:2015 certified and possesses a QA management certificate issued by DEKRA EXAM in the scope of the 1999\\\/92\\\/EC directive.<\\\/p>\",\"dropcap\":false,\"margin\":\"default\"}},{\"type\":\"fragment\",\"props\":{\"margin\":\"large\"},\"children\":[{\"type\":\"row\",\"children\":[{\"type\":\"column\",\"props\":{\"image_position\":\"center-center\",\"position_sticky_breakpoint\":\"m\",\"style\":\"card-default\"},\"children\":[{\"type\":\"headline\",\"props\":{\"content\":\"Maschinenpark (Auszug):\",\"content_en_us\":\"Machinery (extract):\",\"title_element\":\"h3\",\"title_style\":\"h3\"}},{\"type\":\"list\",\"props\":{\"column_breakpoint\":\"m\",\"image_align\":\"left\",\"image_svg_color\":\"emphasis\",\"image_vertical_align\":true,\"list_element\":\"ul\",\"list_horizontal_separator\":\", \",\"list_marker\":\"disc\",\"list_type\":\"vertical\",\"show_image\":true,\"show_link\":true},\"children\":[{\"type\":\"list_item\",\"props\":{\"content\":\"MAZAK NEXUS 8800 II Horizontales Bearbeitungszentrum mit 10-fach Palettenmagazin\",\"content_en_us\":\"1 MAZAK NEXUS 8800 II horizontal machining center with pallet rack\"}},{\"type\":\"list_item\",\"props\":{\"content\":\"MAZAK INTEGREX Multi-Funktions-Drehmaschinen mit 5-Achsensteuerung\",\"content_en_us\":\"2 MAZAK INTEGREX 400 multifunction machines with 5-axes control\"}},{\"type\":\"list_item\",\"props\":{\"content\":\"MAZAK VTC 300 Vertikale 3-Achsen-Bearbeitungszentren\",\"content_en_us\":\"2 MAZAK VTC 300 vertical 3-axes machining centers\"}},{\"type\":\"list_item\",\"props\":{\"content\":\"DMG | Max M\\u00fcller MD 10 + MD 20 Drehmaschinen\",\"content_en_us\":\"2 DMG | MAX M\\u00dcLLER MD 20 turning machines\"}},{\"type\":\"list_item\",\"props\":{\"content\":\"WEILER Pr\\u00e4szisions-Drehmaschinen\",\"content_en_us\":\"2 WEILER precision turning machines\"}}]}]}]}]}]}],\"props\":{\"layout\":\"1-2,1-2\",\"parallax\":false,\"parallax_end\":\"50vh\",\"parallax_start\":\"50vh\"}}],\"name\":\"produktdetail Seite\"}],\"version\":\"4.5.0\",\"yooessentialsVersion\":\"2.3.0-beta.22\"} --><\/p>\n","protected":false},"excerpt":{"rendered":"<p>Neue J\u00c4GER Maschinenbau Zellenradschleusen und Auftragsfertigung Kompetenz im Maschinenbau Wir sind im Maschinenbau zuhause! Unser Maschinenpark erm\u00f6glicht die umfassende Bearbeitung verschiedenster Werkst\u00fccke. Vom ersten bis zum letzten Arbeitsschritt k\u00f6nnen Sie sich auf uns verlassen. Ob es sich um konventionelles Drehen, CNC-Drehen mit angetriebenen Werkzeugen, konventionelles Fr\u00e4sen oder um CNC-Fr\u00e4sen mit 5-Achsbearbeitung handelt \u2013 mit unserem [&hellip;]<\/p>\n","protected":false},"author":1,"featured_media":0,"parent":0,"menu_order":0,"comment_status":"closed","ping_status":"closed","template":"","meta":{"_acf_changed":false,"footnotes":""},"class_list":["post-429","page","type-page","status-publish","hentry"],"acf":[],"yoast_head":"<!-- This site is optimized with the Yoast SEO plugin v26.8 - https:\/\/yoast.com\/product\/yoast-seo-wordpress\/ -->\n<title>Mechanical Engineering Solutions | Neue J\u00e4ger GmbH<\/title>\n<meta name=\"description\" content=\"Rely on Neue J\u00e4ger for innovative mechanical engineering solutions that enhance your production efficiency. Explore our capabilities!\" \/>\n<meta name=\"robots\" content=\"index, follow, max-snippet:-1, max-image-preview:large, max-video-preview:-1\" \/>\n<script type=\"application\/ld+json\" class=\"yoast-schema-graph\">{\"@context\":\"https:\/\/schema.org\",\"@graph\":[{\"@type\":\"WebPage\",\"@id\":\"https:\/\/www.neue-jaeger.de\/en\/mechanical-engineering\/\",\"url\":\"https:\/\/www.neue-jaeger.de\/en\/mechanical-engineering\/\",\"name\":\"Maschinenbau Expertise | Neue J\u00e4ger\",\"isPartOf\":{\"@id\":\"https:\/\/www.neue-jaeger.de\/#website\"},\"datePublished\":\"2024-01-05T21:32:48+00:00\",\"dateModified\":\"2025-03-02T21:01:36+00:00\",\"description\":\"Vertrauen Sie auf unsere Expertise im Maschinenbau. Innovative L\u00f6sungen, die Ihre Produktionsprozesse verbessern - Lassen Sie sich jetzt beraten.\",\"breadcrumb\":{\"@id\":\"https:\/\/www.neue-jaeger.de\/en\/mechanical-engineering\/#breadcrumb\"},\"inLanguage\":\"en-US\",\"potentialAction\":[{\"@type\":\"ReadAction\",\"target\":[\"https:\/\/www.neue-jaeger.de\/en\/mechanical-engineering\/\"]}]},{\"@type\":\"BreadcrumbList\",\"@id\":\"https:\/\/www.neue-jaeger.de\/en\/mechanical-engineering\/#breadcrumb\",\"itemListElement\":[{\"@type\":\"ListItem\",\"position\":1,\"name\":\"Home\",\"item\":\"https:\/\/www.neue-jaeger.de\/\"},{\"@type\":\"ListItem\",\"position\":2,\"name\":\"Mechanical Engineering\"}]},{\"@type\":\"WebSite\",\"@id\":\"https:\/\/www.neue-jaeger.de\/en\/#website\",\"url\":\"https:\/\/www.neue-jaeger.de\/en\/\",\"name\":\"Neue J\u00c4GER Maschinenbau\",\"description\":\"Rotary Valves and More\",\"alternateName\":\"Neue J\u00c4GER\",\"potentialAction\":[{\"@type\":\"SearchAction\",\"target\":{\"@type\":\"EntryPoint\",\"urlTemplate\":\"https:\/\/www.neue-jaeger.de\/en\/?s={search_term_string}\"},\"query-input\":{\"@type\":\"PropertyValueSpecification\",\"valueRequired\":true,\"valueName\":\"search_term_string\"}}],\"inLanguage\":\"en-US\"}]}<\/script>\n<!-- \/ Yoast SEO plugin. -->","yoast_head_json":{"title":"Mechanical Engineering Solutions | Neue J\u00e4ger GmbH","description":"Rely on Neue J\u00e4ger for innovative mechanical engineering solutions that enhance your production efficiency. Explore our capabilities!","robots":{"index":"index","follow":"follow","max-snippet":"max-snippet:-1","max-image-preview":"max-image-preview:large","max-video-preview":"max-video-preview:-1"},"schema":{"@context":"https:\/\/schema.org","@graph":[{"@type":"WebPage","@id":"https:\/\/www.neue-jaeger.de\/en\/mechanical-engineering\/","url":"https:\/\/www.neue-jaeger.de\/en\/mechanical-engineering\/","name":"Maschinenbau Expertise | Neue J\u00e4ger","isPartOf":{"@id":"https:\/\/www.neue-jaeger.de\/#website"},"datePublished":"2024-01-05T21:32:48+00:00","dateModified":"2025-03-02T21:01:36+00:00","description":"Vertrauen Sie auf unsere Expertise im Maschinenbau. Innovative L\u00f6sungen, die Ihre Produktionsprozesse verbessern - Lassen Sie sich jetzt beraten.","breadcrumb":{"@id":"https:\/\/www.neue-jaeger.de\/en\/mechanical-engineering\/#breadcrumb"},"inLanguage":"en-US","potentialAction":[{"@type":"ReadAction","target":["https:\/\/www.neue-jaeger.de\/en\/mechanical-engineering\/"]}]},{"@type":"BreadcrumbList","@id":"https:\/\/www.neue-jaeger.de\/en\/mechanical-engineering\/#breadcrumb","itemListElement":[{"@type":"ListItem","position":1,"name":"Home","item":"https:\/\/www.neue-jaeger.de\/"},{"@type":"ListItem","position":2,"name":"Mechanical Engineering"}]},{"@type":"WebSite","@id":"https:\/\/www.neue-jaeger.de\/en\/#website","url":"https:\/\/www.neue-jaeger.de\/en\/","name":"Neue J\u00c4GER Maschinenbau","description":"Rotary Valves and More","alternateName":"Neue J\u00c4GER","potentialAction":[{"@type":"SearchAction","target":{"@type":"EntryPoint","urlTemplate":"https:\/\/www.neue-jaeger.de\/en\/?s={search_term_string}"},"query-input":{"@type":"PropertyValueSpecification","valueRequired":true,"valueName":"search_term_string"}}],"inLanguage":"en-US"}]}},"jetpack_sharing_enabled":true,"_links":{"self":[{"href":"https:\/\/www.neue-jaeger.de\/en\/wp-json\/wp\/v2\/pages\/429","targetHints":{"allow":["GET"]}}],"collection":[{"href":"https:\/\/www.neue-jaeger.de\/en\/wp-json\/wp\/v2\/pages"}],"about":[{"href":"https:\/\/www.neue-jaeger.de\/en\/wp-json\/wp\/v2\/types\/page"}],"author":[{"embeddable":true,"href":"https:\/\/www.neue-jaeger.de\/en\/wp-json\/wp\/v2\/users\/1"}],"replies":[{"embeddable":true,"href":"https:\/\/www.neue-jaeger.de\/en\/wp-json\/wp\/v2\/comments?post=429"}],"version-history":[{"count":40,"href":"https:\/\/www.neue-jaeger.de\/en\/wp-json\/wp\/v2\/pages\/429\/revisions"}],"predecessor-version":[{"id":1715,"href":"https:\/\/www.neue-jaeger.de\/en\/wp-json\/wp\/v2\/pages\/429\/revisions\/1715"}],"wp:attachment":[{"href":"https:\/\/www.neue-jaeger.de\/en\/wp-json\/wp\/v2\/media?parent=429"}],"curies":[{"name":"wp","href":"https:\/\/api.w.org\/{rel}","templated":true}]}}