{"id":431,"date":"2024-01-05T21:33:19","date_gmt":"2024-01-05T21:33:19","guid":{"rendered":"https:\/\/www.neuejaeger.de\/?page_id=431"},"modified":"2025-03-02T21:01:12","modified_gmt":"2025-03-02T21:01:12","slug":"unternehmen","status":"publish","type":"page","link":"https:\/\/www.neue-jaeger.de\/en\/company\/","title":{"rendered":"Company"},"content":{"rendered":"<div>Innovativer Maschinenbau<\/div>\n<div>Neue J\u00c4GER Maschinenbau &#8211; Der Zellenradschleusen Hersteller<\/div>\n<ul>\n<li>\n<p>        <img decoding=\"async\" src=\"\/wp-content\/uploads\/2025\/02\/unternehmen-description-01.jpg\" alt=\"\"><\/p>\n<\/li>\n<li>\n<p>        <img decoding=\"async\" src=\"\/wp-content\/uploads\/2025\/02\/unternehmen-description-02.jpg\" alt=\"\"><\/p>\n<\/li>\n<\/ul>\n<h2>Ihr Maschinenbauunternehmen mit Tradition und Innovation<\/h2>\n<div>\n<p>Die Neue J\u00c4GER Maschinenbau GmbH &amp; Co. KG ist Hersteller von Zellenradschleusen und hat mit Beginn des Jahres 2017 den Betrieb der J\u00e4ger Maschinenbau GmbH und der ZRS Vertriebs GmbH \u00fcbernommen. Seitdem f\u00fchrt das Maschinenbauunternehmen diesen auf eigene Rechnung fort.<\/p>\n<p>Die J\u00e4ger Maschinenbau GmbH wurde 1985 in Porta Westfalica von Heinz-Helmut J\u00e4ger zun\u00e4chst als Schlossereibetrieb gegr\u00fcndet und ist sp\u00e4ter mit dem Aufbau eines umfangreichen Maschinenparks zur mechanischen Bearbeitung sehr schnell gewachsen. Heute steht dem Maschinenbauunternehmen neben einer breiten Palette von Bearbeitungszentren auch eine eigene Schwei\u00dferei zur Verf\u00fcgung.<\/p>\n<\/div>\n<h3>Von Baugruppen bis zum Sondermaschinenbau<\/h3>\n<div>\n<p>Das Fertigungsprogramm reicht von der Herstellung von Maschinenbauteilen und Baugruppen im Rahmen der Auftragsfertigung \u00fcber die Entwicklung und den Bau von Sondermaschinen bis hin zu einem eigenen, sehr umfangreichen Programm an Zellenradschleusen f\u00fcr die Sch\u00fcttgutindustrie.<\/p>\n<p>Die Neue J\u00c4GER verf\u00fcgt \u00fcber einen Konstruktions-Baukasten f\u00fcr Zellenradschleusen, f\u00fcr den verschiedene Baumuster der benannten Stellen vorliegen. Die Zellenradschleusen k\u00f6nnen als Maschinen im Sinne der Maschinenrichtline 2006\/42\/EG und als Ger\u00e4t der Kategorie I oder als Autonomes Schutzsystem zur explosionstechnischen Entkopplung nach Richtlinie 2014\/34\/EU des EUROP\u00c4ISCHEN PARLAMENTS UND DES RATES vom 26. Februar 2014 oder ATEX 137 eingesetzt werden. Die Neue J\u00c4GER verf\u00fcgt auch \u00fcber ein Baumuster f\u00fcr Zellenradschleusen mit explosionsf\u00e4higen Gas-Luft-Gemischen im F\u00f6rderraum.<\/p>\n<\/div>\n<h2>Maschinenbauunternehmen mit einem Anspruch an Qualit\u00e4t und Flexibilit\u00e4t<\/h2>\n<div>\n<p>Qualit\u00e4t, Termintreue und Flexibilit\u00e4t stehen f\u00fcr unser Maschinenbauunternehmen an erster Stelle. Es ist unser st\u00e4ndiges Bestreben, Sie bei Ihren Projekten nach besten Kr\u00e4ften zu unterst\u00fctzen \u2013 daf\u00fcr stehen schon heute und auch zuk\u00fcnftig alle unsere Mitarbeiter.<\/p>\n<p>Wir entwickeln mit dem Anspruch, Dienstleistungen und Produkte herzustellen und zu vertreiben, die auf die Bed\u00fcrfnisse unserer Kunden zugeschnitten sind und h\u00f6chste Anforderungen an Qualit\u00e4t und Termintreue erf\u00fcllen.<\/p>\n<p>Die Neue J\u00c4GER ist nach DIN EN ISO 9001:2015 zertifiziert und besitzt ein Qualit\u00e4ts- Managementzertifikat der DEKRA EXAM im Rahmen der Richtlinie 1999\/92\/EG.<\/p>\n<\/div>\n<p><img decoding=\"async\" src=\"\/wp-content\/uploads\/2025\/02\/unternehmen-logo-01.png\" alt=\"\"><br \/>\n<img decoding=\"async\" src=\"\/wp-content\/uploads\/2025\/02\/unternehmen-logo-02.jpg\" alt=\"\"><br \/>\n<img decoding=\"async\" src=\"\/wp-content\/uploads\/2025\/02\/unternehmen-logo-03.jpg\" alt=\"\"><\/p>\n<p><!--more--><br \/>\n<!-- {\"type\":\"layout\",\"children\":[{\"type\":\"section\",\"props\":{\"height\":\"viewport\",\"height_offset_top\":true,\"height_viewport\":90,\"image\":\"wp-content\\\/uploads\\\/2025\\\/01\\\/unternehmen-hero-01.jpg\",\"image_loading\":true,\"image_position\":\"center-center\",\"image_size\":\"cover\",\"image_width\":2560,\"media_overlay\":\"rgba(0, 0, 0, 0.36)\",\"media_overlay_gradient\":\"\\\/*linear-gradient(180deg, rgba(0,0,0,0.35) 0%, rgba(0,0,0,0.35) 50%, rgba(255,255,255,1) 100%);*\\\/\",\"overlap\":false,\"padding\":\"large\",\"style\":\"default\",\"text_color\":\"light\",\"title_breakpoint\":\"xl\",\"title_position\":\"top-left\",\"title_rotation\":\"left\",\"vertical_align\":\"bottom\",\"width\":\"default\"},\"children\":[{\"type\":\"row\",\"children\":[{\"type\":\"column\",\"props\":{\"image_position\":\"center-center\",\"position_sticky_breakpoint\":\"m\"},\"children\":[{\"type\":\"headline\",\"props\":{\"content\":\"Innovativer Maschinenbau\",\"title_element\":\"div\",\"title_style\":\"h5\"}},{\"type\":\"headline\",\"props\":{\"animation\":\"parallax\",\"margin_remove_top\":true,\"text_align\":\"left\",\"title_element\":\"h1\",\"title_font_family\":\"primary\",\"title_style\":\"heading-small\"},\"source\":{\"query\":{\"name\":\"pages.singlePage\"},\"props\":{\"content\":{\"filters\":{\"search\":\"\"},\"name\":\"title\"}}}},{\"type\":\"headline\",\"props\":{\"content\":\"Neue J\\u00c4GER Maschinenbau - Der Zellenradschleusen Hersteller\",\"content_en_us\":\"Rotary Valves and manufacturing\",\"margin\":\"remove-vertical\",\"text_align\":\"left\",\"title_element\":\"div\",\"title_font_family\":\"primary\",\"title_style\":\"h2\"}}]}]}],\"name\":\"Hero Section - Pages\"},{\"type\":\"section\",\"props\":{\"image_position\":\"center-center\",\"padding\":\"xsmall\",\"style\":\"default\",\"title_breakpoint\":\"xl\",\"title_position\":\"top-left\",\"title_rotation\":\"left\",\"vertical_align\":\"\",\"width\":\"default\"},\"children\":[{\"type\":\"row\",\"children\":[{\"type\":\"column\",\"props\":{\"image_position\":\"center-center\",\"position_sticky_breakpoint\":\"m\"},\"children\":[{\"type\":\"module\",\"props\":{\"menu_image_align\":\"center\",\"menu_image_margin\":true,\"menu_style\":\"default\",\"menu_type\":\"nav\",\"type\":\"builderwidget\",\"widget\":\"builderwidget-5\"}}]}]}],\"name\":\"Breadcrumbs\"},{\"type\":\"section\",\"props\":{\"image_position\":\"center-center\",\"padding\":\"small\",\"padding_remove_top\":false,\"style\":\"default\",\"title_breakpoint\":\"xl\",\"title_position\":\"top-left\",\"title_rotation\":\"left\",\"vertical_align\":\"\",\"width\":\"default\"},\"children\":[{\"type\":\"row\",\"children\":[{\"type\":\"column\",\"props\":{\"image_position\":\"center-center\",\"order_first\":\"m\",\"position_sticky_breakpoint\":\"m\",\"width_medium\":\"2-5\"},\"children\":[{\"type\":\"grid\",\"props\":{\"content_column_breakpoint\":\"m\",\"filter_align\":\"left\",\"filter_all\":true,\"filter_grid_breakpoint\":\"m\",\"filter_grid_width\":\"auto\",\"filter_position\":\"top\",\"filter_style\":\"tab\",\"grid_column_gap\":\"medium\",\"grid_default\":\"1\",\"grid_medium\":\"1\",\"grid_row_gap\":\"medium\",\"grid_small\":\"2\",\"icon_width\":80,\"image_align\":\"top\",\"image_grid_breakpoint\":\"m\",\"image_grid_width\":\"1-2\",\"image_svg_color\":\"emphasis\",\"image_width\":1220,\"item_animation\":true,\"lightbox_bg_close\":true,\"link_style\":\"default\",\"link_text\":\"Read more\",\"margin\":\"default\",\"meta_align\":\"below-title\",\"meta_element\":\"div\",\"meta_style\":\"text-meta\",\"show_content\":true,\"show_hover_image\":true,\"show_hover_video\":true,\"show_image\":true,\"show_link\":true,\"show_meta\":true,\"show_title\":true,\"show_video\":true,\"title_align\":\"top\",\"title_element\":\"h3\",\"title_grid_breakpoint\":\"m\",\"title_grid_width\":\"1-2\",\"title_hover_style\":\"reset\"},\"children\":[{\"type\":\"grid_item\",\"props\":{\"image\":\"wp-content\\\/uploads\\\/2025\\\/02\\\/unternehmen-description-01.jpg\"}},{\"type\":\"grid_item\",\"props\":{\"image\":\"wp-content\\\/uploads\\\/2025\\\/02\\\/unternehmen-description-02.jpg\"}}]}]},{\"type\":\"column\",\"props\":{\"image_position\":\"center-center\",\"order_first\":\"xs\",\"position_sticky_breakpoint\":\"m\",\"vertical_align\":\"middle\",\"width_medium\":\"3-5\"},\"children\":[{\"type\":\"headline\",\"props\":{\"content\":\"Ihr Maschinenbauunternehmen mit Tradition und Innovation\",\"content_en_us\":\"Your mechanical engineering company with tradition and innovation\",\"title_element\":\"h2\",\"title_style\":\"h2\"}},{\"type\":\"text\",\"props\":{\"column_breakpoint\":\"m\",\"content\":\"\n\n<p>Die Neue J\\u00c4GER Maschinenbau GmbH &amp; Co. KG ist Hersteller von Zellenradschleusen und hat mit Beginn des Jahres 2017 den Betrieb der J\\u00e4ger Maschinenbau GmbH und der ZRS Vertriebs GmbH \\u00fcbernommen. Seitdem f\\u00fchrt das Maschinenbauunternehmen diesen auf eigene Rechnung fort.<\\\/p>\\n\n\n<p>Die J\\u00e4ger Maschinenbau GmbH wurde 1985 in Porta Westfalica von Heinz-Helmut J\\u00e4ger zun\\u00e4chst als Schlossereibetrieb gegr\\u00fcndet und ist sp\\u00e4ter mit dem Aufbau eines umfangreichen Maschinenparks zur mechanischen Bearbeitung sehr schnell gewachsen. Heute steht dem Maschinenbauunternehmen neben einer breiten Palette von Bearbeitungszentren auch eine eigene Schwei\\u00dferei zur Verf\\u00fcgung.<\\\/p>\",\"content_en_us\":\"\n\n<p>Neue J\\u00c4GER Maschinenbau GmbH &amp; Co. KG is a manufacturer of of rotary valves and, at the beginning of 2017, took over the operations of J\\u00e4ger Maschinenbau GmbH and ZRS Vertriebs GmbH at the beginning of 2017. Since then the mechanical engineering company has continued the business on its own account.<\\\/p>\\n\n\n<p>The J\\u00e4ger Maschinenbau GmbH was founded in Porta Westfalica in 1985 by Heinz-Helmut J\\u00e4ger. Heinz-Helmut J\\u00e4ger as a locksmith's shop and later started to build up an extensive later grew very quickly by building up an extensive machine park for mechanical grew very quickly. Today, in addition to a wide range of machining centres a wide range of machining centres and its own welding welding shop.<\\\/p>\",\"dropcap\":false,\"margin\":\"default\"}},{\"type\":\"headline\",\"props\":{\"content\":\"Von Baugruppen bis zum Sondermaschinenbau\",\"content_en_us\":\"From assemblies to special machine construction\",\"title_element\":\"h3\",\"title_style\":\"h2\"}},{\"type\":\"text\",\"props\":{\"column_breakpoint\":\"m\",\"content\":\"\n\n<p>Das Fertigungsprogramm reicht von der Herstellung von Maschinenbauteilen und Baugruppen im Rahmen der Auftragsfertigung \\u00fcber die Entwicklung und den Bau von Sondermaschinen bis hin zu einem eigenen, sehr umfangreichen Programm an Zellenradschleusen f\\u00fcr die Sch\\u00fcttgutindustrie.<\\\/p>\\n\n\n<p>Die Neue J\\u00c4GER verf\\u00fcgt \\u00fcber einen Konstruktions-Baukasten f\\u00fcr Zellenradschleusen, f\\u00fcr den verschiedene Baumuster der benannten Stellen vorliegen. Die Zellenradschleusen k\\u00f6nnen als Maschinen im Sinne der Maschinenrichtline 2006\\\/42\\\/EG und als Ger\\u00e4t der Kategorie I oder als Autonomes Schutzsystem zur explosionstechnischen Entkopplung nach Richtlinie 2014\\\/34\\\/EU des EUROP\\u00c4ISCHEN PARLAMENTS UND DES RATES vom 26. Februar 2014 oder ATEX 137 eingesetzt werden. Die Neue J\\u00c4GER verf\\u00fcgt auch \\u00fcber ein Baumuster f\\u00fcr Zellenradschleusen mit explosionsf\\u00e4higen Gas-Luft-Gemischen im F\\u00f6rderraum.<\\\/p>\",\"content_en_us\":\"\n\n<p>The manufacturing programme ranges from the production of machine components and assemblies as part of contract manufacturing to the development and construction of special machines and our own very extensive range of rotary valves for the bulk materials industry.<\\\/p>\\n\n\n<p>Neue J\\u00c4GER has a construction kit for rotary valves for which various type certificates from the notified bodies are available. The rotary valves can be used as machines in the sense of the Machinery Directive 2006\\\/42\\\/EC and as Category I equipment or as an autonomous protective system for explosion decoupling in accordance with Directive 2014\\\/34\\\/EU of the EUROPEAN PARLIAMENT AND OF THE COUNCIL of 26 February 2014 or ATEX 137. The New J\\u00c4GER also has a design type for rotary valves with explosive gas-air mixtures in the conveying chamber.<\\\/p>\",\"dropcap\":false,\"margin\":\"default\"}},{\"type\":\"headline\",\"props\":{\"content\":\"Maschinenbauunternehmen mit einem Anspruch an Qualit\\u00e4t und Flexibilit\\u00e4t\",\"content_en_us\":\"Mechanical engineering company with a demand for quality and flexibility\",\"title_element\":\"h2\",\"title_style\":\"h2\"}},{\"type\":\"text\",\"props\":{\"column_breakpoint\":\"m\",\"content\":\"\n\n<p>Qualit\\u00e4t, Termintreue und Flexibilit\\u00e4t stehen f\\u00fcr unser Maschinenbauunternehmen an erster Stelle. Es ist unser st\\u00e4ndiges Bestreben, Sie bei Ihren Projekten nach besten Kr\\u00e4ften zu unterst\\u00fctzen \\u2013 daf\\u00fcr stehen schon heute und auch zuk\\u00fcnftig alle unsere Mitarbeiter.<\\\/p>\\n\n\n<p>Wir entwickeln mit dem Anspruch, Dienstleistungen und Produkte herzustellen und zu vertreiben, die auf die Bed\\u00fcrfnisse unserer Kunden zugeschnitten sind und h\\u00f6chste Anforderungen an Qualit\\u00e4t und Termintreue erf\\u00fcllen.<\\\/p>\\n\n\n<p>Die Neue J\\u00c4GER ist nach DIN EN ISO 9001:2015 zertifiziert und besitzt ein Qualit\\u00e4ts- Managementzertifikat der DEKRA EXAM im Rahmen der Richtlinie 1999\\\/92\\\/EG.<\\\/p>\",\"content_en_us\":\"\n\n<p>Quality, adherence to deadlines and flexibility are the top priorities for our mechanical engineering company. It is our constant endeavour to support you in your projects to the best of our abilities - this is what all our employees stand for today and will continue to do in the future.<\\\/p>\\n\n\n<p>We develop with the claim to manufacture and distribute services and products that are tailored to the needs of our customers and meet the highest requirements for quality and adherence to delivery dates.<\\\/p>\\n\n\n<p>Neue J\\u00c4GER is certified according to DIN EN ISO 9001:2015 and holds a quality management certificate from DEKRA EXAM within the framework of Directive 1999\\\/92\\\/EC.<\\\/p>\",\"dropcap\":false,\"margin\":\"default\"}}]}],\"props\":{\"layout\":\"1-2,1-2\",\"parallax\":false,\"parallax_end\":\"50vh\",\"parallax_start\":\"50vh\"}},{\"type\":\"row\",\"props\":{\"column_gap\":\"large\",\"layout\":\"1-3,1-3,1-3\"},\"children\":[{\"type\":\"column\",\"props\":{\"image_position\":\"center-center\",\"position_sticky_breakpoint\":\"m\",\"width_small\":\"1-2\"},\"children\":[{\"type\":\"image\",\"props\":{\"image\":\"wp-content\\\/uploads\\\/2025\\\/02\\\/unternehmen-logo-01.png\",\"image_svg_color\":\"emphasis\",\"image_width\":610,\"margin\":\"default\"}}]},{\"type\":\"column\",\"props\":{\"image_position\":\"center-center\",\"position_sticky_breakpoint\":\"m\",\"width_default\":\"1-2\",\"width_small\":\"1-4\"},\"children\":[{\"type\":\"image\",\"props\":{\"css\":\".el-image{\\n\\tmix-blend-mode: darken;\\n}\",\"image\":\"wp-content\\\/uploads\\\/2025\\\/02\\\/unternehmen-logo-02.jpg\",\"image_svg_color\":\"emphasis\",\"image_width\":300,\"margin\":\"default\"}}]},{\"type\":\"column\",\"props\":{\"image_position\":\"center-center\",\"position_sticky_breakpoint\":\"m\",\"width_default\":\"1-2\",\"width_small\":\"1-4\"},\"children\":[{\"type\":\"image\",\"props\":{\"css\":\".el-image{\\n\\tmix-blend-mode: darken;\\n}\",\"image\":\"wp-content\\\/uploads\\\/2025\\\/02\\\/unternehmen-logo-03.jpg\",\"image_svg_color\":\"emphasis\",\"image_width\":300,\"margin\":\"default\"}}]}]}],\"name\":\"Seite Parallax Columns\"}],\"version\":\"4.5.0\",\"yooessentialsVersion\":\"2.3.0-beta.22\"} --><\/p>\n","protected":false},"excerpt":{"rendered":"<p>Innovativer Maschinenbau Neue J\u00c4GER Maschinenbau &#8211; Der Zellenradschleusen Hersteller Ihr Maschinenbauunternehmen mit Tradition und Innovation Die Neue J\u00c4GER Maschinenbau GmbH &amp; Co. KG ist Hersteller von Zellenradschleusen und hat mit Beginn des Jahres 2017 den Betrieb der J\u00e4ger Maschinenbau GmbH und der ZRS Vertriebs GmbH \u00fcbernommen. Seitdem f\u00fchrt das Maschinenbauunternehmen diesen auf eigene Rechnung fort. [&hellip;]<\/p>\n","protected":false},"author":1,"featured_media":0,"parent":0,"menu_order":0,"comment_status":"closed","ping_status":"closed","template":"","meta":{"_acf_changed":false,"footnotes":""},"class_list":["post-431","page","type-page","status-publish","hentry"],"acf":[],"yoast_head":"<!-- This site is optimized with the Yoast SEO plugin v26.8 - https:\/\/yoast.com\/product\/yoast-seo-wordpress\/ -->\n<title>About Neue J\u00e4ger | Your Rotary Valve Specialists<\/title>\n<meta name=\"description\" content=\"Get to know Neue J\u00e4ger, your reliable partner for high-quality rotary valves and custom machine engineering. Visit us to learn more!\" \/>\n<meta name=\"robots\" content=\"index, follow, max-snippet:-1, max-image-preview:large, max-video-preview:-1\" \/>\n<script type=\"application\/ld+json\" class=\"yoast-schema-graph\">{\"@context\":\"https:\/\/schema.org\",\"@graph\":[{\"@type\":\"WebPage\",\"@id\":\"https:\/\/www.neue-jaeger.de\/en\/company\/\",\"url\":\"https:\/\/www.neue-jaeger.de\/en\/company\/\",\"name\":\"\u00dcber Neue J\u00e4ger \u2013 Ihr Partner im Maschinenbau\",\"isPartOf\":{\"@id\":\"https:\/\/www.neue-jaeger.de\/#website\"},\"datePublished\":\"2024-01-05T21:33:19+00:00\",\"dateModified\":\"2025-03-02T21:01:12+00:00\",\"description\":\"Lernen Sie Neue J\u00e4ger kennen, Ihren verl\u00e4sslichen Partner f\u00fcr hochwertige Zellenradschleusen und kundenspezifischen Maschinenbau.\",\"breadcrumb\":{\"@id\":\"https:\/\/www.neue-jaeger.de\/en\/company\/#breadcrumb\"},\"inLanguage\":\"en-US\",\"potentialAction\":[{\"@type\":\"ReadAction\",\"target\":[\"https:\/\/www.neue-jaeger.de\/en\/company\/\"]}]},{\"@type\":\"BreadcrumbList\",\"@id\":\"https:\/\/www.neue-jaeger.de\/en\/company\/#breadcrumb\",\"itemListElement\":[{\"@type\":\"ListItem\",\"position\":1,\"name\":\"Home\",\"item\":\"https:\/\/www.neue-jaeger.de\/\"},{\"@type\":\"ListItem\",\"position\":2,\"name\":\"Company\"}]},{\"@type\":\"WebSite\",\"@id\":\"https:\/\/www.neue-jaeger.de\/en\/#website\",\"url\":\"https:\/\/www.neue-jaeger.de\/en\/\",\"name\":\"Neue J\u00c4GER Maschinenbau\",\"description\":\"Rotary Valves and More\",\"alternateName\":\"Neue J\u00c4GER\",\"potentialAction\":[{\"@type\":\"SearchAction\",\"target\":{\"@type\":\"EntryPoint\",\"urlTemplate\":\"https:\/\/www.neue-jaeger.de\/en\/?s={search_term_string}\"},\"query-input\":{\"@type\":\"PropertyValueSpecification\",\"valueRequired\":true,\"valueName\":\"search_term_string\"}}],\"inLanguage\":\"en-US\"}]}<\/script>\n<!-- \/ Yoast SEO plugin. -->","yoast_head_json":{"title":"About Neue J\u00e4ger | Your Rotary Valve Specialists","description":"Get to know Neue J\u00e4ger, your reliable partner for high-quality rotary valves and custom machine engineering. Visit us to learn more!","robots":{"index":"index","follow":"follow","max-snippet":"max-snippet:-1","max-image-preview":"max-image-preview:large","max-video-preview":"max-video-preview:-1"},"schema":{"@context":"https:\/\/schema.org","@graph":[{"@type":"WebPage","@id":"https:\/\/www.neue-jaeger.de\/en\/company\/","url":"https:\/\/www.neue-jaeger.de\/en\/company\/","name":"\u00dcber Neue J\u00e4ger \u2013 Ihr Partner im Maschinenbau","isPartOf":{"@id":"https:\/\/www.neue-jaeger.de\/#website"},"datePublished":"2024-01-05T21:33:19+00:00","dateModified":"2025-03-02T21:01:12+00:00","description":"Lernen Sie Neue J\u00e4ger kennen, Ihren verl\u00e4sslichen Partner f\u00fcr hochwertige Zellenradschleusen und kundenspezifischen Maschinenbau.","breadcrumb":{"@id":"https:\/\/www.neue-jaeger.de\/en\/company\/#breadcrumb"},"inLanguage":"en-US","potentialAction":[{"@type":"ReadAction","target":["https:\/\/www.neue-jaeger.de\/en\/company\/"]}]},{"@type":"BreadcrumbList","@id":"https:\/\/www.neue-jaeger.de\/en\/company\/#breadcrumb","itemListElement":[{"@type":"ListItem","position":1,"name":"Home","item":"https:\/\/www.neue-jaeger.de\/"},{"@type":"ListItem","position":2,"name":"Company"}]},{"@type":"WebSite","@id":"https:\/\/www.neue-jaeger.de\/en\/#website","url":"https:\/\/www.neue-jaeger.de\/en\/","name":"Neue J\u00c4GER Maschinenbau","description":"Rotary Valves and More","alternateName":"Neue J\u00c4GER","potentialAction":[{"@type":"SearchAction","target":{"@type":"EntryPoint","urlTemplate":"https:\/\/www.neue-jaeger.de\/en\/?s={search_term_string}"},"query-input":{"@type":"PropertyValueSpecification","valueRequired":true,"valueName":"search_term_string"}}],"inLanguage":"en-US"}]}},"jetpack_sharing_enabled":true,"_links":{"self":[{"href":"https:\/\/www.neue-jaeger.de\/en\/wp-json\/wp\/v2\/pages\/431","targetHints":{"allow":["GET"]}}],"collection":[{"href":"https:\/\/www.neue-jaeger.de\/en\/wp-json\/wp\/v2\/pages"}],"about":[{"href":"https:\/\/www.neue-jaeger.de\/en\/wp-json\/wp\/v2\/types\/page"}],"author":[{"embeddable":true,"href":"https:\/\/www.neue-jaeger.de\/en\/wp-json\/wp\/v2\/users\/1"}],"replies":[{"embeddable":true,"href":"https:\/\/www.neue-jaeger.de\/en\/wp-json\/wp\/v2\/comments?post=431"}],"version-history":[{"count":47,"href":"https:\/\/www.neue-jaeger.de\/en\/wp-json\/wp\/v2\/pages\/431\/revisions"}],"predecessor-version":[{"id":1714,"href":"https:\/\/www.neue-jaeger.de\/en\/wp-json\/wp\/v2\/pages\/431\/revisions\/1714"}],"wp:attachment":[{"href":"https:\/\/www.neue-jaeger.de\/en\/wp-json\/wp\/v2\/media?parent=431"}],"curies":[{"name":"wp","href":"https:\/\/api.w.org\/{rel}","templated":true}]}}